{"id":431,"date":"2025-05-30T10:29:30","date_gmt":"2025-05-30T02:29:30","guid":{"rendered":"https:\/\/www.hbjxplastic.com\/?post_type=product&#038;p=431"},"modified":"2025-05-30T10:31:15","modified_gmt":"2025-05-30T02:31:15","slug":"uhmwpe-curved-fender","status":"publish","type":"product","link":"https:\/\/www.hbjxplastic.com\/es\/producto\/uhmwpe-curved-fender\/","title":{"rendered":"Guardabarros curvado de UHMWPE"},"content":{"rendered":"<p class=\"ds-markdown-paragraph\" data-immersive-translate-walked=\"2b7ac77f-0530-4d6e-bb52-4f918a076fda\" data-immersive-translate-paragraph=\"1\"><strong data-immersive-translate-walked=\"2b7ac77f-0530-4d6e-bb52-4f918a076fda\">Defensas de muelle de polietileno de peso molecular ultra alto (UHMWPE)<\/strong>\u00a0son sistemas avanzados de protecci\u00f3n marina dise\u00f1ados para absorber la energ\u00eda de los impactos y evitar da\u00f1os en embarcaciones, muelles y estructuras portuarias. Estas almohadillas para defensas est\u00e1n fabricadas con UHMWPE, un termopl\u00e1stico de alto rendimiento conocido por su excepcional durabilidad, resistencia a la abrasi\u00f3n y propiedades de baja fricci\u00f3n.<\/p>\n<h4 data-immersive-translate-walked=\"2b7ac77f-0530-4d6e-bb52-4f918a076fda\"><strong data-immersive-translate-walked=\"2b7ac77f-0530-4d6e-bb52-4f918a076fda\" data-immersive-translate-paragraph=\"1\">Caracter\u00edsticas principales de las defensas de muelle de UHMWPE:<\/strong><\/h4>\n<ol start=\"1\" data-immersive-translate-walked=\"2b7ac77f-0530-4d6e-bb52-4f918a076fda\">\n<li data-immersive-translate-walked=\"2b7ac77f-0530-4d6e-bb52-4f918a076fda\">\n<p class=\"ds-markdown-paragraph\" data-immersive-translate-walked=\"2b7ac77f-0530-4d6e-bb52-4f918a076fda\" data-immersive-translate-paragraph=\"1\"><strong data-immersive-translate-walked=\"2b7ac77f-0530-4d6e-bb52-4f918a076fda\">Resistencia superior a los impactos<\/strong>\u00a0- Absorbe y disipa la energ\u00eda de los impactos de los buques, protegiendo tanto al buque como a la estructura del muelle.<\/p>\n<\/li>\n<li data-immersive-translate-walked=\"2b7ac77f-0530-4d6e-bb52-4f918a076fda\">\n<p class=\"ds-markdown-paragraph\" data-immersive-translate-walked=\"2b7ac77f-0530-4d6e-bb52-4f918a076fda\" data-immersive-translate-paragraph=\"1\"><strong data-immersive-translate-walked=\"2b7ac77f-0530-4d6e-bb52-4f918a076fda\">Alta resistencia a la abrasi\u00f3n<\/strong>\u00a0- Soporta la fricci\u00f3n repetida de las operaciones de atraque y amarre sin sufrir un desgaste significativo.<\/p>\n<\/li>\n<li data-immersive-translate-walked=\"2b7ac77f-0530-4d6e-bb52-4f918a076fda\">\n<p class=\"ds-markdown-paragraph\" data-immersive-translate-walked=\"2b7ac77f-0530-4d6e-bb52-4f918a076fda\" data-immersive-translate-paragraph=\"1\"><strong data-immersive-translate-walked=\"2b7ac77f-0530-4d6e-bb52-4f918a076fda\">Bajo coeficiente de fricci\u00f3n<\/strong>\u00a0- Reduce los da\u00f1os al casco y permite un movimiento suave del buque durante el atraque.<\/p>\n<\/li>\n<li data-immersive-translate-walked=\"2b7ac77f-0530-4d6e-bb52-4f918a076fda\">\n<p class=\"ds-markdown-paragraph\" data-immersive-translate-walked=\"2b7ac77f-0530-4d6e-bb52-4f918a076fda\" data-immersive-translate-paragraph=\"1\"><strong data-immersive-translate-walked=\"2b7ac77f-0530-4d6e-bb52-4f918a076fda\">Resistencia qu\u00edmica y a la corrosi\u00f3n<\/strong>\u00a0- A diferencia de las defensas de acero o goma, el UHMWPE resiste el agua salada, los aceites y los productos qu\u00edmicos, lo que garantiza un rendimiento a largo plazo.<\/p>\n<\/li>\n<li data-immersive-translate-walked=\"2b7ac77f-0530-4d6e-bb52-4f918a076fda\">\n<p class=\"ds-markdown-paragraph\" data-immersive-translate-walked=\"2b7ac77f-0530-4d6e-bb52-4f918a076fda\" data-immersive-translate-paragraph=\"1\"><strong data-immersive-translate-walked=\"2b7ac77f-0530-4d6e-bb52-4f918a076fda\">Ligero pero duradero<\/strong>\u00a0- M\u00e1s f\u00e1cil de instalar que los materiales tradicionales, a la vez que mantiene la integridad estructural bajo cargas pesadas.<\/p>\n<\/li>\n<li data-immersive-translate-walked=\"2b7ac77f-0530-4d6e-bb52-4f918a076fda\">\n<p class=\"ds-markdown-paragraph\" data-immersive-translate-walked=\"2b7ac77f-0530-4d6e-bb52-4f918a076fda\" data-immersive-translate-paragraph=\"1\"><strong data-immersive-translate-walked=\"2b7ac77f-0530-4d6e-bb52-4f918a076fda\">Resistente a los rayos UV y a la intemperie<\/strong>\u00a0- Funciona bien en entornos marinos agresivos sin degradarse.<\/p>\n<\/li>\n<\/ol>\n<h4 data-immersive-translate-walked=\"2b7ac77f-0530-4d6e-bb52-4f918a076fda\"><strong data-immersive-translate-walked=\"2b7ac77f-0530-4d6e-bb52-4f918a076fda\" data-immersive-translate-paragraph=\"1\">Aplicaciones:<\/strong><\/h4>\n<ul data-immersive-translate-walked=\"2b7ac77f-0530-4d6e-bb52-4f918a076fda\">\n<li data-immersive-translate-walked=\"2b7ac77f-0530-4d6e-bb52-4f918a076fda\">\n<p class=\"ds-markdown-paragraph\" data-immersive-translate-walked=\"2b7ac77f-0530-4d6e-bb52-4f918a076fda\" data-immersive-translate-paragraph=\"1\">Puertos<\/p>\n<\/li>\n<li data-immersive-translate-walked=\"2b7ac77f-0530-4d6e-bb52-4f918a076fda\">\n<p class=\"ds-markdown-paragraph\" data-immersive-translate-walked=\"2b7ac77f-0530-4d6e-bb52-4f918a076fda\" data-immersive-translate-paragraph=\"1\">Astilleros y diques secos<\/p>\n<\/li>\n<li data-immersive-translate-walked=\"2b7ac77f-0530-4d6e-bb52-4f918a076fda\">\n<p class=\"ds-markdown-paragraph\" data-immersive-translate-walked=\"2b7ac77f-0530-4d6e-bb52-4f918a076fda\" data-immersive-translate-paragraph=\"1\">Plataformas marinas<\/p>\n<\/li>\n<li data-immersive-translate-walked=\"2b7ac77f-0530-4d6e-bb52-4f918a076fda\">\n<p class=\"ds-markdown-paragraph\" data-immersive-translate-walked=\"2b7ac77f-0530-4d6e-bb52-4f918a076fda\" data-immersive-translate-paragraph=\"1\">Terminales mar\u00edtimas<\/p>\n<\/li>\n<li data-immersive-translate-walked=\"2b7ac77f-0530-4d6e-bb52-4f918a076fda\">\n<p class=\"ds-markdown-paragraph\" data-immersive-translate-walked=\"2b7ac77f-0530-4d6e-bb52-4f918a076fda\" data-immersive-translate-paragraph=\"1\">Esclusas y sistemas de canales<\/p>\n<\/li>\n<\/ul>","protected":false},"excerpt":{"rendered":"<p>Las defensas de muelle de polietileno de peso molecular ultraalto (UHMWPE) son sistemas avanzados de protecci\u00f3n marina dise\u00f1ados para absorber la energ\u00eda de los impactos y evitar da\u00f1os a embarcaciones, muelles y estructuras portuarias. Estas defensas est\u00e1n fabricadas con UHMWPE, un termopl\u00e1stico de alto rendimiento conocido por su excepcional durabilidad, resistencia a la abrasi\u00f3n y propiedades de baja fricci\u00f3n. Caracter\u00edsticas principales de las defensas de muelle de UHMWPE: Superior [...]<\/p>","protected":false},"featured_media":435,"template":"","meta":[],"product_brand":[],"product_cat":[15],"product_tag":[],"class_list":{"0":"post-431","1":"product","2":"type-product","3":"status-publish","4":"has-post-thumbnail","6":"product_cat-uhmwpe-dock-fender-pads","8":"first","9":"instock","10":"shipping-taxable","11":"product-type-simple"},"aioseo_notices":[],"_links":{"self":[{"href":"https:\/\/www.hbjxplastic.com\/es\/wp-json\/wp\/v2\/product\/431","targetHints":{"allow":["GET"]}}],"collection":[{"href":"https:\/\/www.hbjxplastic.com\/es\/wp-json\/wp\/v2\/product"}],"about":[{"href":"https:\/\/www.hbjxplastic.com\/es\/wp-json\/wp\/v2\/types\/product"}],"wp:featuredmedia":[{"embeddable":true,"href":"https:\/\/www.hbjxplastic.com\/es\/wp-json\/wp\/v2\/media\/435"}],"wp:attachment":[{"href":"https:\/\/www.hbjxplastic.com\/es\/wp-json\/wp\/v2\/media?parent=431"}],"wp:term":[{"taxonomy":"product_brand","embeddable":true,"href":"https:\/\/www.hbjxplastic.com\/es\/wp-json\/wp\/v2\/product_brand?post=431"},{"taxonomy":"product_cat","embeddable":true,"href":"https:\/\/www.hbjxplastic.com\/es\/wp-json\/wp\/v2\/product_cat?post=431"},{"taxonomy":"product_tag","embeddable":true,"href":"https:\/\/www.hbjxplastic.com\/es\/wp-json\/wp\/v2\/product_tag?post=431"}],"curies":[{"name":"wp","href":"https:\/\/api.w.org\/{rel}","templated":true}]}}