{"id":461,"date":"2025-05-30T10:50:12","date_gmt":"2025-05-30T02:50:12","guid":{"rendered":"https:\/\/www.hbjxplastic.com\/?post_type=product&#038;p=461"},"modified":"2025-05-30T10:53:49","modified_gmt":"2025-05-30T02:53:49","slug":"uhmwpe-antistatic-sheet","status":"publish","type":"product","link":"https:\/\/www.hbjxplastic.com\/es\/producto\/uhmwpe-antistatic-sheet\/","title":{"rendered":"L\u00e1mina antiest\u00e1tica de UHMWPE"},"content":{"rendered":"<p class=\"ds-markdown-paragraph\" data-immersive-translate-walked=\"3251b957-9e84-4fbf-8681-f9e6c58f631d\" data-immersive-translate-paragraph=\"1\"><strong data-immersive-translate-walked=\"3251b957-9e84-4fbf-8681-f9e6c58f631d\">Planchas antiest\u00e1ticas de polietileno de peso molecular ultra alto (UHMWPE)<\/strong>\u00a0son paneles de pl\u00e1stico de ingenier\u00eda avanzada dise\u00f1ados para combinar las excepcionales propiedades mec\u00e1nicas del UHMWPE con una conductividad el\u00e9ctrica controlada. Estas planchas est\u00e1n especialmente formuladas para disipar la electricidad est\u00e1tica, lo que las hace ideales para aplicaciones en las que la protecci\u00f3n contra descargas electrost\u00e1ticas (ESD) es fundamental, al tiempo que mantienen una resistencia al desgaste y una durabilidad superiores.<\/p>\n<h2 data-immersive-translate-walked=\"3251b957-9e84-4fbf-8681-f9e6c58f631d\"><strong data-immersive-translate-walked=\"3251b957-9e84-4fbf-8681-f9e6c58f631d\" data-immersive-translate-paragraph=\"1\">Caracter\u00edsticas principales de las planchas antiest\u00e1ticas de UHMWPE<\/strong><\/h2>\n<h3 data-immersive-translate-walked=\"3251b957-9e84-4fbf-8681-f9e6c58f631d\"><strong data-immersive-translate-walked=\"3251b957-9e84-4fbf-8681-f9e6c58f631d\" data-immersive-translate-paragraph=\"1\">1. Disipaci\u00f3n est\u00e1tica<\/strong><\/h3>\n<ul data-immersive-translate-walked=\"3251b957-9e84-4fbf-8681-f9e6c58f631d\">\n<li data-immersive-translate-walked=\"3251b957-9e84-4fbf-8681-f9e6c58f631d\">\n<p class=\"ds-markdown-paragraph\" data-immersive-translate-walked=\"3251b957-9e84-4fbf-8681-f9e6c58f631d\" data-immersive-translate-paragraph=\"1\">Rango de resistencia superficial de\u00a0<strong data-immersive-translate-walked=\"3251b957-9e84-4fbf-8681-f9e6c58f631d\">10\u2076-10\u2079 ohmios<\/strong>\u00a0(evita la formaci\u00f3n de chispas y la atracci\u00f3n de polvo)<\/p>\n<\/li>\n<li data-immersive-translate-walked=\"3251b957-9e84-4fbf-8681-f9e6c58f631d\">\n<p class=\"ds-markdown-paragraph\" data-immersive-translate-walked=\"3251b957-9e84-4fbf-8681-f9e6c58f631d\" data-immersive-translate-paragraph=\"1\">Cumple\u00a0<strong data-immersive-translate-walked=\"3251b957-9e84-4fbf-8681-f9e6c58f631d\">Normas de seguridad ESD<\/strong>\u00a0para entornos electr\u00f3nicos sensibles y explosivos<\/p>\n<\/li>\n<\/ul>\n<h3 data-immersive-translate-walked=\"3251b957-9e84-4fbf-8681-f9e6c58f631d\"><strong data-immersive-translate-walked=\"3251b957-9e84-4fbf-8681-f9e6c58f631d\" data-immersive-translate-paragraph=\"1\">2. Propiedades mec\u00e1nicas superiores<\/strong><\/h3>\n<ul data-immersive-translate-walked=\"3251b957-9e84-4fbf-8681-f9e6c58f631d\">\n<li data-immersive-translate-walked=\"3251b957-9e84-4fbf-8681-f9e6c58f631d\">\n<p class=\"ds-markdown-paragraph\" data-immersive-translate-walked=\"3251b957-9e84-4fbf-8681-f9e6c58f631d\" data-immersive-translate-paragraph=\"1\">Extremo\u00a0<strong data-immersive-translate-walked=\"3251b957-9e84-4fbf-8681-f9e6c58f631d\">resistencia a la abrasi\u00f3n<\/strong>\u00a0(15 veces m\u00e1s duradero que el acero al carbono)<\/p>\n<\/li>\n<li data-immersive-translate-walked=\"3251b957-9e84-4fbf-8681-f9e6c58f631d\">\n<p class=\"ds-markdown-paragraph\" data-immersive-translate-walked=\"3251b957-9e84-4fbf-8681-f9e6c58f631d\" data-immersive-translate-paragraph=\"1\">Alta\u00a0<strong data-immersive-translate-walked=\"3251b957-9e84-4fbf-8681-f9e6c58f631d\">resistencia al impacto<\/strong>\u00a0(incluso a temperaturas bajo cero)<\/p>\n<\/li>\n<li data-immersive-translate-walked=\"3251b957-9e84-4fbf-8681-f9e6c58f631d\">\n<p class=\"ds-markdown-paragraph\" data-immersive-translate-walked=\"3251b957-9e84-4fbf-8681-f9e6c58f631d\" data-immersive-translate-paragraph=\"1\">Bajo\u00a0<strong data-immersive-translate-walked=\"3251b957-9e84-4fbf-8681-f9e6c58f631d\">coeficiente de fricci\u00f3n<\/strong>\u00a0(autolubricante para un funcionamiento suave)<\/p>\n<\/li>\n<\/ul>\n<h3 data-immersive-translate-walked=\"3251b957-9e84-4fbf-8681-f9e6c58f631d\"><strong data-immersive-translate-walked=\"3251b957-9e84-4fbf-8681-f9e6c58f631d\" data-immersive-translate-paragraph=\"1\">3. Resistencia qu\u00edmica y medioambiental<\/strong><\/h3>\n<ul data-immersive-translate-walked=\"3251b957-9e84-4fbf-8681-f9e6c58f631d\">\n<li data-immersive-translate-walked=\"3251b957-9e84-4fbf-8681-f9e6c58f631d\">\n<p class=\"ds-markdown-paragraph\" data-immersive-translate-walked=\"3251b957-9e84-4fbf-8681-f9e6c58f631d\" data-immersive-translate-paragraph=\"1\">Impermeable a la mayor\u00eda\u00a0<strong data-immersive-translate-walked=\"3251b957-9e84-4fbf-8681-f9e6c58f631d\">\u00e1cidos, \u00e1lcalis y disolventes<\/strong><\/p>\n<\/li>\n<li data-immersive-translate-walked=\"3251b957-9e84-4fbf-8681-f9e6c58f631d\">\n<p class=\"ds-markdown-paragraph\" data-immersive-translate-walked=\"3251b957-9e84-4fbf-8681-f9e6c58f631d\" data-immersive-translate-paragraph=\"1\"><strong data-immersive-translate-walked=\"3251b957-9e84-4fbf-8681-f9e6c58f631d\">A prueba de humedad<\/strong>\u00a0(absorci\u00f3n de agua casi nula)<\/p>\n<\/li>\n<li data-immersive-translate-walked=\"3251b957-9e84-4fbf-8681-f9e6c58f631d\">\n<p class=\"ds-markdown-paragraph\" data-immersive-translate-walked=\"3251b957-9e84-4fbf-8681-f9e6c58f631d\" data-immersive-translate-paragraph=\"1\">Act\u00faa desde\u00a0<strong data-immersive-translate-walked=\"3251b957-9e84-4fbf-8681-f9e6c58f631d\">-200\u00b0F a +180\u00b0F (-130\u00b0C a +80\u00b0C)<\/strong><\/p>\n<\/li>\n<\/ul>\n<h3 data-immersive-translate-walked=\"3251b957-9e84-4fbf-8681-f9e6c58f631d\"><strong data-immersive-translate-walked=\"3251b957-9e84-4fbf-8681-f9e6c58f631d\" data-immersive-translate-paragraph=\"1\">4. Cumplimiento de la normativa sobre salas limpias y seguridad alimentaria<\/strong><\/h3>\n<ul data-immersive-translate-walked=\"3251b957-9e84-4fbf-8681-f9e6c58f631d\">\n<li data-immersive-translate-walked=\"3251b957-9e84-4fbf-8681-f9e6c58f631d\">\n<p class=\"ds-markdown-paragraph\" data-immersive-translate-walked=\"3251b957-9e84-4fbf-8681-f9e6c58f631d\" data-immersive-translate-paragraph=\"1\"><strong data-immersive-translate-walked=\"3251b957-9e84-4fbf-8681-f9e6c58f631d\">Cumple la FDA\/USDA<\/strong>\u00a0versiones disponibles<\/p>\n<\/li>\n<li data-immersive-translate-walked=\"3251b957-9e84-4fbf-8681-f9e6c58f631d\">\n<p class=\"ds-markdown-paragraph\" data-immersive-translate-walked=\"3251b957-9e84-4fbf-8681-f9e6c58f631d\" data-immersive-translate-paragraph=\"1\">No contamina (no desprende fibra de carbono)<\/p>\n<\/li>\n<li data-immersive-translate-walked=\"3251b957-9e84-4fbf-8681-f9e6c58f631d\">\n<p class=\"ds-markdown-paragraph\" data-immersive-translate-walked=\"3251b957-9e84-4fbf-8681-f9e6c58f631d\" data-immersive-translate-paragraph=\"1\">F\u00e1cil de esterilizar (opciones autoclavables)<\/p>\n<\/li>\n<\/ul>\n<h2 data-immersive-translate-walked=\"3251b957-9e84-4fbf-8681-f9e6c58f631d\"><strong data-immersive-translate-walked=\"3251b957-9e84-4fbf-8681-f9e6c58f631d\" data-immersive-translate-paragraph=\"1\">Aplicaciones<\/strong><\/h2>\n<h3 data-immersive-translate-walked=\"3251b957-9e84-4fbf-8681-f9e6c58f631d\"><strong data-immersive-translate-walked=\"3251b957-9e84-4fbf-8681-f9e6c58f631d\" data-immersive-translate-paragraph=\"1\">Fabricaci\u00f3n de productos electr\u00f3nicos<\/strong><\/h3>\n<ul data-immersive-translate-walked=\"3251b957-9e84-4fbf-8681-f9e6c58f631d\">\n<li data-immersive-translate-walked=\"3251b957-9e84-4fbf-8681-f9e6c58f631d\">\n<p class=\"ds-markdown-paragraph\" data-immersive-translate-walked=\"3251b957-9e84-4fbf-8681-f9e6c58f631d\" data-immersive-translate-paragraph=\"1\">Superficies de trabajo ESD seguras<\/p>\n<\/li>\n<li data-immersive-translate-walked=\"3251b957-9e84-4fbf-8681-f9e6c58f631d\">\n<p class=\"ds-markdown-paragraph\" data-immersive-translate-walked=\"3251b957-9e84-4fbf-8681-f9e6c58f631d\" data-immersive-translate-paragraph=\"1\">Componentes de manipulaci\u00f3n de obleas<\/p>\n<\/li>\n<li data-immersive-translate-walked=\"3251b957-9e84-4fbf-8681-f9e6c58f631d\">\n<p class=\"ds-markdown-paragraph\" data-immersive-translate-walked=\"3251b957-9e84-4fbf-8681-f9e6c58f631d\" data-immersive-translate-paragraph=\"1\">Revestimientos para transportadores de PCB<\/p>\n<\/li>\n<\/ul>\n<h3 data-immersive-translate-walked=\"3251b957-9e84-4fbf-8681-f9e6c58f631d\"><strong data-immersive-translate-walked=\"3251b957-9e84-4fbf-8681-f9e6c58f631d\" data-immersive-translate-paragraph=\"1\">Entornos explosivos y peligrosos<\/strong><\/h3>\n<ul data-immersive-translate-walked=\"3251b957-9e84-4fbf-8681-f9e6c58f631d\">\n<li data-immersive-translate-walked=\"3251b957-9e84-4fbf-8681-f9e6c58f631d\">\n<p class=\"ds-markdown-paragraph\" data-immersive-translate-walked=\"3251b957-9e84-4fbf-8681-f9e6c58f631d\" data-immersive-translate-paragraph=\"1\">Revestimientos para equipos de miner\u00eda<\/p>\n<\/li>\n<li data-immersive-translate-walked=\"3251b957-9e84-4fbf-8681-f9e6c58f631d\">\n<p class=\"ds-markdown-paragraph\" data-immersive-translate-walked=\"3251b957-9e84-4fbf-8681-f9e6c58f631d\" data-immersive-translate-paragraph=\"1\">Componentes del dep\u00f3sito de combustible<\/p>\n<\/li>\n<li data-immersive-translate-walked=\"3251b957-9e84-4fbf-8681-f9e6c58f631d\">\n<p class=\"ds-markdown-paragraph\" data-immersive-translate-walked=\"3251b957-9e84-4fbf-8681-f9e6c58f631d\" data-immersive-translate-paragraph=\"1\">Bancos de mantenimiento de armas de fuego<\/p>\n<\/li>\n<\/ul>\n<h3 data-immersive-translate-walked=\"3251b957-9e84-4fbf-8681-f9e6c58f631d\"><strong data-immersive-translate-walked=\"3251b957-9e84-4fbf-8681-f9e6c58f631d\" data-immersive-translate-paragraph=\"1\">Manipulaci\u00f3n de materiales<\/strong><\/h3>\n<ul data-immersive-translate-walked=\"3251b957-9e84-4fbf-8681-f9e6c58f631d\">\n<li data-immersive-translate-walked=\"3251b957-9e84-4fbf-8681-f9e6c58f631d\">\n<p class=\"ds-markdown-paragraph\" data-immersive-translate-walked=\"3251b957-9e84-4fbf-8681-f9e6c58f631d\" data-immersive-translate-paragraph=\"1\">Gu\u00edas transportadoras antiest\u00e1ticas<\/p>\n<\/li>\n<li data-immersive-translate-walked=\"3251b957-9e84-4fbf-8681-f9e6c58f631d\">\n<p class=\"ds-markdown-paragraph\" data-immersive-translate-walked=\"3251b957-9e84-4fbf-8681-f9e6c58f631d\" data-immersive-translate-paragraph=\"1\">Revestimientos de tolvas farmac\u00e9uticas<\/p>\n<\/li>\n<li data-immersive-translate-walked=\"3251b957-9e84-4fbf-8681-f9e6c58f631d\">\n<p class=\"ds-markdown-paragraph\" data-immersive-translate-walked=\"3251b957-9e84-4fbf-8681-f9e6c58f631d\" data-immersive-translate-paragraph=\"1\">Equipos de procesado de alimentos<\/p>\n<\/li>\n<\/ul>\n<h3 data-immersive-translate-walked=\"3251b957-9e84-4fbf-8681-f9e6c58f631d\"><strong data-immersive-translate-walked=\"3251b957-9e84-4fbf-8681-f9e6c58f631d\" data-immersive-translate-paragraph=\"1\">Especialidades industriales<\/strong><\/h3>\n<ul data-immersive-translate-walked=\"3251b957-9e84-4fbf-8681-f9e6c58f631d\">\n<li data-immersive-translate-walked=\"3251b957-9e84-4fbf-8681-f9e6c58f631d\">\n<p class=\"ds-markdown-paragraph\" data-immersive-translate-walked=\"3251b957-9e84-4fbf-8681-f9e6c58f631d\" data-immersive-translate-paragraph=\"1\">Piezas de maquinaria para salas blancas<\/p>\n<\/li>\n<li data-immersive-translate-walked=\"3251b957-9e84-4fbf-8681-f9e6c58f631d\">\n<p class=\"ds-markdown-paragraph\" data-immersive-translate-walked=\"3251b957-9e84-4fbf-8681-f9e6c58f631d\" data-immersive-translate-paragraph=\"1\">Plantillas de utillaje aeroespacial<\/p>\n<\/li>\n<li data-immersive-translate-walked=\"3251b957-9e84-4fbf-8681-f9e6c58f631d\">\n<p class=\"ds-markdown-paragraph\" data-immersive-translate-walked=\"3251b957-9e84-4fbf-8681-f9e6c58f631d\" data-immersive-translate-paragraph=\"1\">Herramientas de fabricaci\u00f3n de semiconductores<\/p>\n<\/li>\n<\/ul>\n<h2 data-immersive-translate-walked=\"3251b957-9e84-4fbf-8681-f9e6c58f631d\"><strong data-immersive-translate-walked=\"3251b957-9e84-4fbf-8681-f9e6c58f631d\" data-immersive-translate-paragraph=\"1\">Comparaci\u00f3n con materiales alternativos<\/strong><\/h2>\n<div class=\"markdown-table-wrapper\" data-immersive-translate-walked=\"3251b957-9e84-4fbf-8681-f9e6c58f631d\">\n<table data-immersive-translate-walked=\"3251b957-9e84-4fbf-8681-f9e6c58f631d\">\n<thead data-immersive-translate-walked=\"3251b957-9e84-4fbf-8681-f9e6c58f631d\">\n<tr data-immersive-translate-walked=\"3251b957-9e84-4fbf-8681-f9e6c58f631d\">\n<th data-immersive-translate-walked=\"3251b957-9e84-4fbf-8681-f9e6c58f631d\" data-immersive-translate-paragraph=\"1\">Propiedad<\/th>\n<th data-immersive-translate-walked=\"3251b957-9e84-4fbf-8681-f9e6c58f631d\" data-immersive-translate-paragraph=\"1\">UHMWPE Antiest\u00e1tico<\/th>\n<th data-immersive-translate-walked=\"3251b957-9e84-4fbf-8681-f9e6c58f631d\" data-immersive-translate-paragraph=\"1\">UHMWPE est\u00e1ndar<\/th>\n<th data-immersive-translate-walked=\"3251b957-9e84-4fbf-8681-f9e6c58f631d\" data-immersive-translate-paragraph=\"1\">PE relleno de carbono<\/th>\n<\/tr>\n<\/thead>\n<tbody data-immersive-translate-walked=\"3251b957-9e84-4fbf-8681-f9e6c58f631d\">\n<tr data-immersive-translate-walked=\"3251b957-9e84-4fbf-8681-f9e6c58f631d\">\n<td data-immersive-translate-walked=\"3251b957-9e84-4fbf-8681-f9e6c58f631d\" data-immersive-translate-paragraph=\"1\">Resistividad superficial<\/td>\n<td data-immersive-translate-walked=\"3251b957-9e84-4fbf-8681-f9e6c58f631d\" data-immersive-translate-paragraph=\"1\">10\u2076-10\u2079 \u03a9<\/td>\n<td data-immersive-translate-walked=\"3251b957-9e84-4fbf-8681-f9e6c58f631d\" data-immersive-translate-paragraph=\"1\">&gt;10\u00b9\u00b2 \u03a9 (aislante)<\/td>\n<td data-immersive-translate-walked=\"3251b957-9e84-4fbf-8681-f9e6c58f631d\" data-immersive-translate-paragraph=\"1\">10\u00b3-10\u2075 \u03a9 (conductor)<\/td>\n<\/tr>\n<tr data-immersive-translate-walked=\"3251b957-9e84-4fbf-8681-f9e6c58f631d\">\n<td data-immersive-translate-walked=\"3251b957-9e84-4fbf-8681-f9e6c58f631d\" data-immersive-translate-paragraph=\"1\">Resistencia al desgaste<\/td>\n<td data-immersive-translate-walked=\"3251b957-9e84-4fbf-8681-f9e6c58f631d\">\u2605\u2605\u2605\u2605\u2605<\/td>\n<td data-immersive-translate-walked=\"3251b957-9e84-4fbf-8681-f9e6c58f631d\">\u2605\u2605\u2605\u2605\u2605<\/td>\n<td data-immersive-translate-walked=\"3251b957-9e84-4fbf-8681-f9e6c58f631d\">\u2605\u2605\u2605\u2606\u2606<\/td>\n<\/tr>\n<tr data-immersive-translate-walked=\"3251b957-9e84-4fbf-8681-f9e6c58f631d\">\n<td data-immersive-translate-walked=\"3251b957-9e84-4fbf-8681-f9e6c58f631d\" data-immersive-translate-paragraph=\"1\">Resistencia qu\u00edmica<\/td>\n<td data-immersive-translate-walked=\"3251b957-9e84-4fbf-8681-f9e6c58f631d\">\u2605\u2605\u2605\u2605\u2605<\/td>\n<td data-immersive-translate-walked=\"3251b957-9e84-4fbf-8681-f9e6c58f631d\">\u2605\u2605\u2605\u2605\u2605<\/td>\n<td data-immersive-translate-walked=\"3251b957-9e84-4fbf-8681-f9e6c58f631d\">\u2605\u2605\u2605\u2605\u2606<\/td>\n<\/tr>\n<tr data-immersive-translate-walked=\"3251b957-9e84-4fbf-8681-f9e6c58f631d\">\n<td data-immersive-translate-walked=\"3251b957-9e84-4fbf-8681-f9e6c58f631d\" data-immersive-translate-paragraph=\"1\">Riesgo de contaminaci\u00f3n<\/td>\n<td data-immersive-translate-walked=\"3251b957-9e84-4fbf-8681-f9e6c58f631d\" data-immersive-translate-paragraph=\"1\">Ninguno<\/td>\n<td data-immersive-translate-walked=\"3251b957-9e84-4fbf-8681-f9e6c58f631d\" data-immersive-translate-paragraph=\"1\">Ninguno<\/td>\n<td data-immersive-translate-walked=\"3251b957-9e84-4fbf-8681-f9e6c58f631d\" data-immersive-translate-paragraph=\"1\">Desprendimiento de part\u00edculas de carbono<\/td>\n<\/tr>\n<tr data-immersive-translate-walked=\"3251b957-9e84-4fbf-8681-f9e6c58f631d\">\n<td data-immersive-translate-walked=\"3251b957-9e84-4fbf-8681-f9e6c58f631d\" data-immersive-translate-paragraph=\"1\">Coste<\/td>\n<td data-immersive-translate-walked=\"3251b957-9e84-4fbf-8681-f9e6c58f631d\" data-immersive-translate-paragraph=\"1\">Moderado<\/td>\n<td data-immersive-translate-walked=\"3251b957-9e84-4fbf-8681-f9e6c58f631d\" data-immersive-translate-paragraph=\"1\">Bajo<\/td>\n<td data-immersive-translate-walked=\"3251b957-9e84-4fbf-8681-f9e6c58f631d\" data-immersive-translate-paragraph=\"1\">Alta<\/td>\n<\/tr>\n<\/tbody>\n<\/table>\n<\/div>","protected":false},"excerpt":{"rendered":"<p>Las planchas antiest\u00e1ticas de UHMWPE (polietileno de peso molecular ultra alto) son paneles de pl\u00e1stico de ingenier\u00eda avanzada dise\u00f1ados para combinar las excepcionales propiedades mec\u00e1nicas del UHMWPE con una conductividad el\u00e9ctrica controlada. Estas planchas est\u00e1n especialmente formuladas para disipar la electricidad est\u00e1tica, lo que las hace ideales para aplicaciones en las que la protecci\u00f3n contra descargas electrost\u00e1ticas (ESD) es fundamental, al tiempo que mantienen una resistencia al desgaste y una durabilidad superiores. Caracter\u00edsticas principales de [...]<\/p>","protected":false},"featured_media":465,"template":"","meta":[],"product_brand":[],"product_cat":[18],"product_tag":[],"class_list":{"0":"post-461","1":"product","2":"type-product","3":"status-publish","4":"has-post-thumbnail","6":"product_cat-uhmwpe-sheet","8":"first","9":"instock","10":"shipping-taxable","11":"product-type-simple"},"aioseo_notices":[],"_links":{"self":[{"href":"https:\/\/www.hbjxplastic.com\/es\/wp-json\/wp\/v2\/product\/461","targetHints":{"allow":["GET"]}}],"collection":[{"href":"https:\/\/www.hbjxplastic.com\/es\/wp-json\/wp\/v2\/product"}],"about":[{"href":"https:\/\/www.hbjxplastic.com\/es\/wp-json\/wp\/v2\/types\/product"}],"wp:featuredmedia":[{"embeddable":true,"href":"https:\/\/www.hbjxplastic.com\/es\/wp-json\/wp\/v2\/media\/465"}],"wp:attachment":[{"href":"https:\/\/www.hbjxplastic.com\/es\/wp-json\/wp\/v2\/media?parent=461"}],"wp:term":[{"taxonomy":"product_brand","embeddable":true,"href":"https:\/\/www.hbjxplastic.com\/es\/wp-json\/wp\/v2\/product_brand?post=461"},{"taxonomy":"product_cat","embeddable":true,"href":"https:\/\/www.hbjxplastic.com\/es\/wp-json\/wp\/v2\/product_cat?post=461"},{"taxonomy":"product_tag","embeddable":true,"href":"https:\/\/www.hbjxplastic.com\/es\/wp-json\/wp\/v2\/product_tag?post=461"}],"curies":[{"name":"wp","href":"https:\/\/api.w.org\/{rel}","templated":true}]}}