{"id":467,"date":"2025-05-30T10:53:59","date_gmt":"2025-05-30T02:53:59","guid":{"rendered":"https:\/\/www.hbjxplastic.com\/?post_type=product&#038;p=467"},"modified":"2025-05-30T10:56:49","modified_gmt":"2025-05-30T02:56:49","slug":"uhmwpe-double-color-sheet","status":"publish","type":"product","link":"https:\/\/www.hbjxplastic.com\/es\/producto\/uhmwpe-double-color-sheet\/","title":{"rendered":"L\u00e1mina bicolor de UHMWPE"},"content":{"rendered":"<p class=\"ds-markdown-paragraph\" data-immersive-translate-walked=\"14cc13cf-654e-40ad-ba06-5e4f76739e05\" data-immersive-translate-paragraph=\"1\"><strong data-immersive-translate-walked=\"14cc13cf-654e-40ad-ba06-5e4f76739e05\">Hojas de doble color de UHMWPE (polietileno de peso molecular ultra alto)<\/strong>\u00a0son unos innovadores paneles de pl\u00e1stico multicapa que combinan dos capas de UHMWPE de colores distintos en una \u00fanica l\u00e1mina de alto rendimiento. Estas planchas conservan todas las propiedades excepcionales del UHMWPE est\u00e1ndar -resistencia extrema al desgaste, resistencia al impacto e inercia qu\u00edmica-, al tiempo que a\u00f1aden una diferenciaci\u00f3n visual con fines funcionales o est\u00e9ticos.<\/p>\n<hr \/>\n<h2 data-immersive-translate-walked=\"14cc13cf-654e-40ad-ba06-5e4f76739e05\"><strong data-immersive-translate-walked=\"14cc13cf-654e-40ad-ba06-5e4f76739e05\" data-immersive-translate-paragraph=\"1\">Principales caracter\u00edsticas y ventajas<\/strong><\/h2>\n<h3 data-immersive-translate-walked=\"14cc13cf-654e-40ad-ba06-5e4f76739e05\"><strong data-immersive-translate-walked=\"14cc13cf-654e-40ad-ba06-5e4f76739e05\" data-immersive-translate-paragraph=\"1\">1. Construcci\u00f3n de doble capa<\/strong><\/h3>\n<ul data-immersive-translate-walked=\"14cc13cf-654e-40ad-ba06-5e4f76739e05\">\n<li data-immersive-translate-walked=\"14cc13cf-654e-40ad-ba06-5e4f76739e05\">\n<p class=\"ds-markdown-paragraph\" data-immersive-translate-walked=\"14cc13cf-654e-40ad-ba06-5e4f76739e05\" data-immersive-translate-paragraph=\"1\"><strong data-immersive-translate-walked=\"14cc13cf-654e-40ad-ba06-5e4f76739e05\">Capa superior<\/strong>: UHMWPE de color personalizado para identificaci\u00f3n visual (normalmente de 1 a 5 mm de grosor)<\/p>\n<\/li>\n<li data-immersive-translate-walked=\"14cc13cf-654e-40ad-ba06-5e4f76739e05\">\n<p class=\"ds-markdown-paragraph\" data-immersive-translate-walked=\"14cc13cf-654e-40ad-ba06-5e4f76739e05\" data-immersive-translate-paragraph=\"1\"><strong data-immersive-translate-walked=\"14cc13cf-654e-40ad-ba06-5e4f76739e05\">Capa base<\/strong>: UHMWPE natural est\u00e1ndar (blanco) para la integridad estructural<\/p>\n<\/li>\n<li data-immersive-translate-walked=\"14cc13cf-654e-40ad-ba06-5e4f76739e05\">\n<p class=\"ds-markdown-paragraph\" data-immersive-translate-walked=\"14cc13cf-654e-40ad-ba06-5e4f76739e05\" data-immersive-translate-paragraph=\"1\"><strong data-immersive-translate-walked=\"14cc13cf-654e-40ad-ba06-5e4f76739e05\">Adhesi\u00f3n permanente<\/strong>: Las capas se fusionan molecularmente durante la fabricaci\u00f3n para resistir la delaminaci\u00f3n<\/p>\n<\/li>\n<\/ul>\n<h3 data-immersive-translate-walked=\"14cc13cf-654e-40ad-ba06-5e4f76739e05\"><strong data-immersive-translate-walked=\"14cc13cf-654e-40ad-ba06-5e4f76739e05\" data-immersive-translate-paragraph=\"1\">2. Funcionalidad mejorada<\/strong><\/h3>\n<ul data-immersive-translate-walked=\"14cc13cf-654e-40ad-ba06-5e4f76739e05\">\n<li data-immersive-translate-walked=\"14cc13cf-654e-40ad-ba06-5e4f76739e05\">\n<p class=\"ds-markdown-paragraph\" data-immersive-translate-walked=\"14cc13cf-654e-40ad-ba06-5e4f76739e05\" data-immersive-translate-paragraph=\"1\"><strong data-immersive-translate-walked=\"14cc13cf-654e-40ad-ba06-5e4f76739e05\">Indicadores de desgaste<\/strong>: La superficie coloreada revela la capa subyacente cuando se usa para programar el mantenimiento<\/p>\n<\/li>\n<li data-immersive-translate-walked=\"14cc13cf-654e-40ad-ba06-5e4f76739e05\">\n<p class=\"ds-markdown-paragraph\" data-immersive-translate-walked=\"14cc13cf-654e-40ad-ba06-5e4f76739e05\" data-immersive-translate-paragraph=\"1\"><strong data-immersive-translate-walked=\"14cc13cf-654e-40ad-ba06-5e4f76739e05\">Marcado de seguridad<\/strong>: Colores de alta visibilidad (amarillo, rojo, azul) para zonas o equipos peligrosos<\/p>\n<\/li>\n<li data-immersive-translate-walked=\"14cc13cf-654e-40ad-ba06-5e4f76739e05\">\n<p class=\"ds-markdown-paragraph\" data-immersive-translate-walked=\"14cc13cf-654e-40ad-ba06-5e4f76739e05\" data-immersive-translate-paragraph=\"1\"><strong data-immersive-translate-walked=\"14cc13cf-654e-40ad-ba06-5e4f76739e05\">Oportunidades de marca<\/strong>: Colores personalizados para aplicaciones de identidad corporativa<\/p>\n<\/li>\n<\/ul>\n<h3 data-immersive-translate-walked=\"14cc13cf-654e-40ad-ba06-5e4f76739e05\"><strong data-immersive-translate-walked=\"14cc13cf-654e-40ad-ba06-5e4f76739e05\" data-immersive-translate-paragraph=\"1\">3. Ventajas materiales<\/strong><\/h3>\n<ul data-immersive-translate-walked=\"14cc13cf-654e-40ad-ba06-5e4f76739e05\">\n<li data-immersive-translate-walked=\"14cc13cf-654e-40ad-ba06-5e4f76739e05\">\n<p class=\"ds-markdown-paragraph\" data-immersive-translate-walked=\"14cc13cf-654e-40ad-ba06-5e4f76739e05\" data-immersive-translate-paragraph=\"1\">Mantiene todas las ventajas est\u00e1ndar del UHMWPE:<\/p>\n<ul data-immersive-translate-walked=\"14cc13cf-654e-40ad-ba06-5e4f76739e05\">\n<li data-immersive-translate-walked=\"14cc13cf-654e-40ad-ba06-5e4f76739e05\">\n<p class=\"ds-markdown-paragraph\" data-immersive-translate-walked=\"14cc13cf-654e-40ad-ba06-5e4f76739e05\" data-immersive-translate-paragraph=\"1\">15 veces m\u00e1s resistente a la abrasi\u00f3n que el acero al carbono<\/p>\n<\/li>\n<li data-immersive-translate-walked=\"14cc13cf-654e-40ad-ba06-5e4f76739e05\">\n<p class=\"ds-markdown-paragraph\" data-immersive-translate-walked=\"14cc13cf-654e-40ad-ba06-5e4f76739e05\" data-immersive-translate-paragraph=\"1\">Autolubricante (\u03bc tan bajo como 0,10-0,20)<\/p>\n<\/li>\n<li data-immersive-translate-walked=\"14cc13cf-654e-40ad-ba06-5e4f76739e05\">\n<p class=\"ds-markdown-paragraph\" data-immersive-translate-walked=\"14cc13cf-654e-40ad-ba06-5e4f76739e05\" data-immersive-translate-paragraph=\"1\">Disponibles opciones conformes con la FDA\/USDA<\/p>\n<\/li>\n<li data-immersive-translate-walked=\"14cc13cf-654e-40ad-ba06-5e4f76739e05\">\n<p class=\"ds-markdown-paragraph\" data-immersive-translate-walked=\"14cc13cf-654e-40ad-ba06-5e4f76739e05\" data-immersive-translate-paragraph=\"1\">Rango de funcionamiento: -200\u00b0F a +180\u00b0F (-130\u00b0C a +80\u00b0C)<\/p>\n<\/li>\n<\/ul>\n<\/li>\n<\/ul>\n<hr \/>\n<h2 data-immersive-translate-walked=\"14cc13cf-654e-40ad-ba06-5e4f76739e05\"><strong data-immersive-translate-walked=\"14cc13cf-654e-40ad-ba06-5e4f76739e05\" data-immersive-translate-paragraph=\"1\">Aplicaciones comunes<\/strong><\/h2>\n<div class=\"markdown-table-wrapper\" data-immersive-translate-walked=\"14cc13cf-654e-40ad-ba06-5e4f76739e05\">\n<table data-immersive-translate-walked=\"14cc13cf-654e-40ad-ba06-5e4f76739e05\">\n<thead data-immersive-translate-walked=\"14cc13cf-654e-40ad-ba06-5e4f76739e05\">\n<tr data-immersive-translate-walked=\"14cc13cf-654e-40ad-ba06-5e4f76739e05\">\n<th data-immersive-translate-walked=\"14cc13cf-654e-40ad-ba06-5e4f76739e05\" data-immersive-translate-paragraph=\"1\">Industria<\/th>\n<th data-immersive-translate-walked=\"14cc13cf-654e-40ad-ba06-5e4f76739e05\" data-immersive-translate-paragraph=\"1\">Caso pr\u00e1ctico<\/th>\n<th data-immersive-translate-walked=\"14cc13cf-654e-40ad-ba06-5e4f76739e05\" data-immersive-translate-paragraph=\"1\">Ejemplo de par de colores<\/th>\n<\/tr>\n<\/thead>\n<tbody data-immersive-translate-walked=\"14cc13cf-654e-40ad-ba06-5e4f76739e05\">\n<tr data-immersive-translate-walked=\"14cc13cf-654e-40ad-ba06-5e4f76739e05\">\n<td data-immersive-translate-walked=\"14cc13cf-654e-40ad-ba06-5e4f76739e05\"><strong data-immersive-translate-walked=\"14cc13cf-654e-40ad-ba06-5e4f76739e05\" data-immersive-translate-paragraph=\"1\">Procesado de alimentos<\/strong><\/td>\n<td data-immersive-translate-walked=\"14cc13cf-654e-40ad-ba06-5e4f76739e05\" data-immersive-translate-paragraph=\"1\">Tablas de corte con indicadores de desgaste<\/td>\n<td data-immersive-translate-walked=\"14cc13cf-654e-40ad-ba06-5e4f76739e05\" data-immersive-translate-paragraph=\"1\">Azul\/Blanco<\/td>\n<\/tr>\n<tr data-immersive-translate-walked=\"14cc13cf-654e-40ad-ba06-5e4f76739e05\">\n<td data-immersive-translate-walked=\"14cc13cf-654e-40ad-ba06-5e4f76739e05\"><strong data-immersive-translate-walked=\"14cc13cf-654e-40ad-ba06-5e4f76739e05\" data-immersive-translate-paragraph=\"1\">Manipulaci\u00f3n de materiales<\/strong><\/td>\n<td data-immersive-translate-walked=\"14cc13cf-654e-40ad-ba06-5e4f76739e05\" data-immersive-translate-paragraph=\"1\">Revestimientos de cintas transportadoras con se\u00f1alizaci\u00f3n de carriles<\/td>\n<td data-immersive-translate-walked=\"14cc13cf-654e-40ad-ba06-5e4f76739e05\" data-immersive-translate-paragraph=\"1\">Amarillo\/Negro<\/td>\n<\/tr>\n<tr data-immersive-translate-walked=\"14cc13cf-654e-40ad-ba06-5e4f76739e05\">\n<td data-immersive-translate-walked=\"14cc13cf-654e-40ad-ba06-5e4f76739e05\"><strong data-immersive-translate-walked=\"14cc13cf-654e-40ad-ba06-5e4f76739e05\" data-immersive-translate-paragraph=\"1\">Ingenier\u00eda naval<\/strong><\/td>\n<td data-immersive-translate-walked=\"14cc13cf-654e-40ad-ba06-5e4f76739e05\" data-immersive-translate-paragraph=\"1\">Defensas de muelle con bandas de seguridad<\/td>\n<td data-immersive-translate-walked=\"14cc13cf-654e-40ad-ba06-5e4f76739e05\" data-immersive-translate-paragraph=\"1\">Internacional Naranja\/Negro<\/td>\n<\/tr>\n<tr data-immersive-translate-walked=\"14cc13cf-654e-40ad-ba06-5e4f76739e05\">\n<td data-immersive-translate-walked=\"14cc13cf-654e-40ad-ba06-5e4f76739e05\"><strong data-immersive-translate-walked=\"14cc13cf-654e-40ad-ba06-5e4f76739e05\" data-immersive-translate-paragraph=\"1\">Fabricaci\u00f3n<\/strong><\/td>\n<td data-immersive-translate-walked=\"14cc13cf-654e-40ad-ba06-5e4f76739e05\" data-immersive-translate-paragraph=\"1\">Plantillas con gu\u00edas de alineaci\u00f3n<\/td>\n<td data-immersive-translate-walked=\"14cc13cf-654e-40ad-ba06-5e4f76739e05\" data-immersive-translate-paragraph=\"1\">Rojo\/Blanco<\/td>\n<\/tr>\n<tr data-immersive-translate-walked=\"14cc13cf-654e-40ad-ba06-5e4f76739e05\">\n<td data-immersive-translate-walked=\"14cc13cf-654e-40ad-ba06-5e4f76739e05\"><strong data-immersive-translate-walked=\"14cc13cf-654e-40ad-ba06-5e4f76739e05\" data-immersive-translate-paragraph=\"1\">Embalaje<\/strong><\/td>\n<td data-immersive-translate-walked=\"14cc13cf-654e-40ad-ba06-5e4f76739e05\" data-immersive-translate-paragraph=\"1\">Ra\u00edles de deslizamiento con los colores de la marca<\/td>\n<td data-immersive-translate-walked=\"14cc13cf-654e-40ad-ba06-5e4f76739e05\" data-immersive-translate-paragraph=\"1\">Pantone personalizado\/Blanco<\/td>\n<\/tr>\n<\/tbody>\n<\/table>\n<\/div>","protected":false},"excerpt":{"rendered":"<p>Las planchas de doble color de UHMWPE (polietileno de peso molecular ultra alto) son innovadores paneles de pl\u00e1stico multicapa que combinan dos capas de UHMWPE de colores distintos en una \u00fanica plancha de alto rendimiento. Estas planchas conservan todas las propiedades excepcionales del UHMWPE est\u00e1ndar -resistencia extrema al desgaste, resistencia al impacto e inercia qu\u00edmica- al tiempo que a\u00f1aden una diferenciaci\u00f3n visual con fines funcionales o est\u00e9ticos. Caracter\u00edsticas y ventajas principales 1. Construcci\u00f3n de doble capa [...]<\/p>","protected":false},"featured_media":468,"template":"","meta":[],"product_brand":[],"product_cat":[18],"product_tag":[],"class_list":{"0":"post-467","1":"product","2":"type-product","3":"status-publish","4":"has-post-thumbnail","6":"product_cat-uhmwpe-sheet","8":"first","9":"instock","10":"shipping-taxable","11":"product-type-simple"},"aioseo_notices":[],"_links":{"self":[{"href":"https:\/\/www.hbjxplastic.com\/es\/wp-json\/wp\/v2\/product\/467","targetHints":{"allow":["GET"]}}],"collection":[{"href":"https:\/\/www.hbjxplastic.com\/es\/wp-json\/wp\/v2\/product"}],"about":[{"href":"https:\/\/www.hbjxplastic.com\/es\/wp-json\/wp\/v2\/types\/product"}],"wp:featuredmedia":[{"embeddable":true,"href":"https:\/\/www.hbjxplastic.com\/es\/wp-json\/wp\/v2\/media\/468"}],"wp:attachment":[{"href":"https:\/\/www.hbjxplastic.com\/es\/wp-json\/wp\/v2\/media?parent=467"}],"wp:term":[{"taxonomy":"product_brand","embeddable":true,"href":"https:\/\/www.hbjxplastic.com\/es\/wp-json\/wp\/v2\/product_brand?post=467"},{"taxonomy":"product_cat","embeddable":true,"href":"https:\/\/www.hbjxplastic.com\/es\/wp-json\/wp\/v2\/product_cat?post=467"},{"taxonomy":"product_tag","embeddable":true,"href":"https:\/\/www.hbjxplastic.com\/es\/wp-json\/wp\/v2\/product_tag?post=467"}],"curies":[{"name":"wp","href":"https:\/\/api.w.org\/{rel}","templated":true}]}}