{"id":474,"date":"2025-05-30T11:01:33","date_gmt":"2025-05-30T03:01:33","guid":{"rendered":"https:\/\/www.hbjxplastic.com\/?post_type=product&#038;p=474"},"modified":"2025-05-30T11:08:01","modified_gmt":"2025-05-30T03:08:01","slug":"uhmwpe-scraper-blade","status":"publish","type":"product","link":"https:\/\/www.hbjxplastic.com\/es\/producto\/uhmwpe-scraper-blade\/","title":{"rendered":"Rascador de UHMWPE"},"content":{"rendered":"<p class=\"ds-markdown-paragraph\" data-immersive-translate-walked=\"fae36579-f8e7-4f0e-9005-944d9077daef\" data-immersive-translate-paragraph=\"1\"><strong data-immersive-translate-walked=\"fae36579-f8e7-4f0e-9005-944d9077daef\">Polietileno de peso molecular ultra alto (UHMWPE)<\/strong>\u00a0son componentes industriales avanzados conocidos por su excepcional durabilidad, resistencia al desgaste y propiedades de baja fricci\u00f3n. Estas cuchillas se utilizan ampliamente en aplicaciones que requieren manipulaci\u00f3n de materiales, raspado y limpieza en industrias como las de procesamiento de alimentos, envasado, miner\u00eda y sistemas transportadores.<\/p>\n<h4 data-immersive-translate-walked=\"fae36579-f8e7-4f0e-9005-944d9077daef\"><strong data-immersive-translate-walked=\"fae36579-f8e7-4f0e-9005-944d9077daef\" data-immersive-translate-paragraph=\"1\">Caracter\u00edsticas principales de los rascadores de UHMWPE:<\/strong><\/h4>\n<ol start=\"1\" data-immersive-translate-walked=\"fae36579-f8e7-4f0e-9005-944d9077daef\">\n<li data-immersive-translate-walked=\"fae36579-f8e7-4f0e-9005-944d9077daef\">\n<p class=\"ds-markdown-paragraph\" data-immersive-translate-walked=\"fae36579-f8e7-4f0e-9005-944d9077daef\" data-immersive-translate-paragraph=\"1\"><strong data-immersive-translate-walked=\"fae36579-f8e7-4f0e-9005-944d9077daef\">Excepcional resistencia al desgaste<\/strong>\u00a0- El UHMWPE tiene una gran resistencia a la abrasi\u00f3n, por lo que es ideal para un uso prolongado en entornos dif\u00edciles.<\/p>\n<\/li>\n<li data-immersive-translate-walked=\"fae36579-f8e7-4f0e-9005-944d9077daef\">\n<p class=\"ds-markdown-paragraph\" data-immersive-translate-walked=\"fae36579-f8e7-4f0e-9005-944d9077daef\" data-immersive-translate-paragraph=\"1\"><strong data-immersive-translate-walked=\"fae36579-f8e7-4f0e-9005-944d9077daef\">Autolubricaci\u00f3n y baja fricci\u00f3n<\/strong>\u00a0- Reduce las adherencias y acumulaciones, garantizando un funcionamiento suave sin necesidad de lubricaci\u00f3n adicional.<\/p>\n<\/li>\n<li data-immersive-translate-walked=\"fae36579-f8e7-4f0e-9005-944d9077daef\">\n<p class=\"ds-markdown-paragraph\" data-immersive-translate-walked=\"fae36579-f8e7-4f0e-9005-944d9077daef\" data-immersive-translate-paragraph=\"1\"><strong data-immersive-translate-walked=\"fae36579-f8e7-4f0e-9005-944d9077daef\">Resistencia qu\u00edmica<\/strong>\u00a0- Resistente a la mayor\u00eda de \u00e1cidos, \u00e1lcalis y disolventes, lo que la hace adecuada para entornos corrosivos.<\/p>\n<\/li>\n<li data-immersive-translate-walked=\"fae36579-f8e7-4f0e-9005-944d9077daef\">\n<p class=\"ds-markdown-paragraph\" data-immersive-translate-walked=\"fae36579-f8e7-4f0e-9005-944d9077daef\" data-immersive-translate-paragraph=\"1\"><strong data-immersive-translate-walked=\"fae36579-f8e7-4f0e-9005-944d9077daef\">Resistencia a los impactos<\/strong>\u00a0- Soporta cargas pesadas y golpes sin agrietarse ni romperse.<\/p>\n<\/li>\n<li data-immersive-translate-walked=\"fae36579-f8e7-4f0e-9005-944d9077daef\">\n<p class=\"ds-markdown-paragraph\" data-immersive-translate-walked=\"fae36579-f8e7-4f0e-9005-944d9077daef\" data-immersive-translate-paragraph=\"1\"><strong data-immersive-translate-walked=\"fae36579-f8e7-4f0e-9005-944d9077daef\">Ligero y flexible<\/strong>\u00a0- M\u00e1s f\u00e1ciles de instalar y manipular que las hojas met\u00e1licas, a la vez que mantienen la integridad estructural.<\/p>\n<\/li>\n<li data-immersive-translate-walked=\"fae36579-f8e7-4f0e-9005-944d9077daef\">\n<p class=\"ds-markdown-paragraph\" data-immersive-translate-walked=\"fae36579-f8e7-4f0e-9005-944d9077daef\" data-immersive-translate-paragraph=\"1\"><strong data-immersive-translate-walked=\"fae36579-f8e7-4f0e-9005-944d9077daef\">No t\u00f3xico y conforme a la FDA<\/strong>\u00a0- Seguro para aplicaciones alimentarias y farmac\u00e9uticas.<\/p>\n<\/li>\n<\/ol>\n<h4 data-immersive-translate-walked=\"fae36579-f8e7-4f0e-9005-944d9077daef\"><strong data-immersive-translate-walked=\"fae36579-f8e7-4f0e-9005-944d9077daef\" data-immersive-translate-paragraph=\"1\">Aplicaciones de los rascadores de UHMWPE:<\/strong><\/h4>\n<ul data-immersive-translate-walked=\"fae36579-f8e7-4f0e-9005-944d9077daef\">\n<li data-immersive-translate-walked=\"fae36579-f8e7-4f0e-9005-944d9077daef\">\n<p class=\"ds-markdown-paragraph\" data-immersive-translate-walked=\"fae36579-f8e7-4f0e-9005-944d9077daef\" data-immersive-translate-paragraph=\"1\">Limpieza de cintas transportadoras (raspado de materiales pegajosos como masa, az\u00facar o carb\u00f3n)<\/p>\n<\/li>\n<li data-immersive-translate-walked=\"fae36579-f8e7-4f0e-9005-944d9077daef\">\n<p class=\"ds-markdown-paragraph\" data-immersive-translate-walked=\"fae36579-f8e7-4f0e-9005-944d9077daef\" data-immersive-translate-paragraph=\"1\">Procesado de alimentos (manipulaci\u00f3n de granos, polvos y l\u00edquidos)<\/p>\n<\/li>\n<li data-immersive-translate-walked=\"fae36579-f8e7-4f0e-9005-944d9077daef\">\n<p class=\"ds-markdown-paragraph\" data-immersive-translate-walked=\"fae36579-f8e7-4f0e-9005-944d9077daef\" data-immersive-translate-paragraph=\"1\">Miner\u00eda y manipulaci\u00f3n de materiales a granel (raspado de minerales, arena y \u00e1ridos)<\/p>\n<\/li>\n<li data-immersive-translate-walked=\"fae36579-f8e7-4f0e-9005-944d9077daef\">\n<p class=\"ds-markdown-paragraph\" data-immersive-translate-walked=\"fae36579-f8e7-4f0e-9005-944d9077daef\" data-immersive-translate-paragraph=\"1\">Industria del embalaje (eliminaci\u00f3n de adhesivos o residuos sobrantes)<\/p>\n<\/li>\n<li data-immersive-translate-walked=\"fae36579-f8e7-4f0e-9005-944d9077daef\">\n<p class=\"ds-markdown-paragraph\" data-immersive-translate-walked=\"fae36579-f8e7-4f0e-9005-944d9077daef\" data-immersive-translate-paragraph=\"1\">Reciclado y gesti\u00f3n de residuos (separaci\u00f3n de materiales en l\u00edneas de clasificaci\u00f3n)<\/p>\n<\/li>\n<\/ul>\n<h4 data-immersive-translate-walked=\"fae36579-f8e7-4f0e-9005-944d9077daef\"><strong data-immersive-translate-walked=\"fae36579-f8e7-4f0e-9005-944d9077daef\" data-immersive-translate-paragraph=\"1\">Ventajas sobre los materiales tradicionales:<\/strong><\/h4>\n<ul data-immersive-translate-walked=\"fae36579-f8e7-4f0e-9005-944d9077daef\">\n<li data-immersive-translate-walked=\"fae36579-f8e7-4f0e-9005-944d9077daef\">\n<p class=\"ds-markdown-paragraph\" data-immersive-translate-walked=\"fae36579-f8e7-4f0e-9005-944d9077daef\" data-immersive-translate-paragraph=\"1\"><strong data-immersive-translate-walked=\"fae36579-f8e7-4f0e-9005-944d9077daef\">Mayor vida \u00fatil<\/strong>\u00a0que las cuchillas de goma o metal debido a su menor desgaste.<\/p>\n<\/li>\n<li data-immersive-translate-walked=\"fae36579-f8e7-4f0e-9005-944d9077daef\">\n<p class=\"ds-markdown-paragraph\" data-immersive-translate-walked=\"fae36579-f8e7-4f0e-9005-944d9077daef\" data-immersive-translate-paragraph=\"1\"><strong data-immersive-translate-walked=\"fae36579-f8e7-4f0e-9005-944d9077daef\">Menores costes de mantenimiento<\/strong>\u00a0ya que resisten la acumulaci\u00f3n y requieren menos sustituciones.<\/p>\n<\/li>\n<li data-immersive-translate-walked=\"fae36579-f8e7-4f0e-9005-944d9077daef\">\n<p class=\"ds-markdown-paragraph\" data-immersive-translate-walked=\"fae36579-f8e7-4f0e-9005-944d9077daef\" data-immersive-translate-paragraph=\"1\"><strong data-immersive-translate-walked=\"fae36579-f8e7-4f0e-9005-944d9077daef\">No da\u00f1a las correas ni las superficies<\/strong>\u00a0gracias a su acci\u00f3n raspadora suave y no met\u00e1lica.<\/p>\n<\/li>\n<\/ul>","protected":false},"excerpt":{"rendered":"<p>Las rasquetas de polietileno de peso molecular ultra alto (UHMWPE) son componentes industriales avanzados conocidos por su excepcional durabilidad, resistencia al desgaste y propiedades de baja fricci\u00f3n. Estas cuchillas se utilizan ampliamente en aplicaciones que requieren manipulaci\u00f3n de materiales, raspado y limpieza en industrias como las de procesamiento de alimentos, envasado, miner\u00eda y sistemas transportadores. Caracter\u00edsticas principales de las palas rascadoras de UHMWPE: Resistencia excepcional al desgaste - UHMWPE [...]<\/p>","protected":false},"featured_media":478,"template":"","meta":[],"product_brand":[],"product_cat":[20],"product_tag":[],"class_list":{"0":"post-474","1":"product","2":"type-product","3":"status-publish","4":"has-post-thumbnail","6":"product_cat-machined-uhmwpe-parts","8":"first","9":"instock","10":"shipping-taxable","11":"product-type-simple"},"aioseo_notices":[],"_links":{"self":[{"href":"https:\/\/www.hbjxplastic.com\/es\/wp-json\/wp\/v2\/product\/474","targetHints":{"allow":["GET"]}}],"collection":[{"href":"https:\/\/www.hbjxplastic.com\/es\/wp-json\/wp\/v2\/product"}],"about":[{"href":"https:\/\/www.hbjxplastic.com\/es\/wp-json\/wp\/v2\/types\/product"}],"wp:featuredmedia":[{"embeddable":true,"href":"https:\/\/www.hbjxplastic.com\/es\/wp-json\/wp\/v2\/media\/478"}],"wp:attachment":[{"href":"https:\/\/www.hbjxplastic.com\/es\/wp-json\/wp\/v2\/media?parent=474"}],"wp:term":[{"taxonomy":"product_brand","embeddable":true,"href":"https:\/\/www.hbjxplastic.com\/es\/wp-json\/wp\/v2\/product_brand?post=474"},{"taxonomy":"product_cat","embeddable":true,"href":"https:\/\/www.hbjxplastic.com\/es\/wp-json\/wp\/v2\/product_cat?post=474"},{"taxonomy":"product_tag","embeddable":true,"href":"https:\/\/www.hbjxplastic.com\/es\/wp-json\/wp\/v2\/product_tag?post=474"}],"curies":[{"name":"wp","href":"https:\/\/api.w.org\/{rel}","templated":true}]}}