{"id":494,"date":"2025-05-30T11:19:36","date_gmt":"2025-05-30T03:19:36","guid":{"rendered":"https:\/\/www.hbjxplastic.com\/?post_type=product&#038;p=494"},"modified":"2025-05-30T11:26:00","modified_gmt":"2025-05-30T03:26:00","slug":"uhmwpe-lift-slider","status":"publish","type":"product","link":"https:\/\/www.hbjxplastic.com\/es\/producto\/uhmwpe-lift-slider\/","title":{"rendered":"Corredera elevadora de UHMWPE"},"content":{"rendered":"<p class=\"ds-markdown-paragraph\"><strong>Deslizadores de elevaci\u00f3n de polietileno de peso molecular ultra alto (UHMWPE)<\/strong>\u00a0son componentes deslizantes de alto rendimiento dise\u00f1ados para proporcionar un movimiento suave y de baja fricci\u00f3n en aplicaciones de elevaci\u00f3n y manipulaci\u00f3n de materiales. Estas correderas se utilizan ampliamente en maquinaria industrial, sistemas de automoci\u00f3n y equipos pesados en los que la durabilidad, la resistencia al desgaste y el funcionamiento sin mantenimiento son fundamentales.<\/p>\n<hr \/>\n<h2><strong>Caracter\u00edsticas principales de las correderas elevadoras de UHMWPE<\/strong><\/h2>\n<h3><strong>1. Fricci\u00f3n extremadamente baja<\/strong><\/h3>\n<ul>\n<li>\n<p class=\"ds-markdown-paragraph\">Las propiedades autolubricantes garantizan un deslizamiento suave sin necesidad de lubricaci\u00f3n externa.<\/p>\n<\/li>\n<li>\n<p class=\"ds-markdown-paragraph\">Reduce el consumo de energ\u00eda y mejora la eficacia operativa.<\/p>\n<\/li>\n<\/ul>\n<h3><strong>2. Resistencia superior al desgaste<\/strong><\/h3>\n<ul>\n<li>\n<p class=\"ds-markdown-paragraph\">Su excepcional resistencia a la abrasi\u00f3n prolonga la vida \u00fatil, incluso con cargas pesadas y un uso continuado.<\/p>\n<\/li>\n<li>\n<p class=\"ds-markdown-paragraph\">Supera a las deslizaderas de nailon, PTFE y metal en aplicaciones de alto desgaste.<\/p>\n<\/li>\n<\/ul>\n<h3><strong>3. Alta capacidad de carga<\/strong><\/h3>\n<ul>\n<li>\n<p class=\"ds-markdown-paragraph\">Puede soportar importantes cargas est\u00e1ticas y din\u00e1micas sin deformarse.<\/p>\n<\/li>\n<li>\n<p class=\"ds-markdown-paragraph\">Ideal para equipos y maquinaria de elevaci\u00f3n de cargas pesadas.<\/p>\n<\/li>\n<\/ul>\n<h3><strong>4. Resistencia a impactos y choques<\/strong><\/h3>\n<ul>\n<li>\n<p class=\"ds-markdown-paragraph\">Absorbe vibraciones y golpes, protegiendo los equipos de posibles da\u00f1os.<\/p>\n<\/li>\n<li>\n<p class=\"ds-markdown-paragraph\">Mantiene la integridad estructural incluso en condiciones de funcionamiento dif\u00edciles.<\/p>\n<\/li>\n<\/ul>\n<h3><strong>5. Resistencia qu\u00edmica y a la humedad<\/strong><\/h3>\n<ul>\n<li>\n<p class=\"ds-markdown-paragraph\">Resistente a aceites, grasas, \u00e1cidos y \u00e1lcalis, lo que la hace adecuada para entornos industriales.<\/p>\n<\/li>\n<li>\n<p class=\"ds-markdown-paragraph\">No absorbe agua, lo que evita que se hinche o se degrade.<\/p>\n<\/li>\n<\/ul>\n<h3><strong>6. Ligero y f\u00e1cil de instalar<\/strong><\/h3>\n<ul>\n<li>\n<p class=\"ds-markdown-paragraph\">Reduce el peso total del sistema en comparaci\u00f3n con las alternativas met\u00e1licas.<\/p>\n<\/li>\n<li>\n<p class=\"ds-markdown-paragraph\">F\u00e1cil de instalar en la maquinaria existente.<\/p>\n<\/li>\n<\/ul>\n<h3><strong>7. Reducci\u00f3n del ruido<\/strong><\/h3>\n<ul>\n<li>\n<p class=\"ds-markdown-paragraph\">Funciona silenciosamente, reduciendo la contaminaci\u00f3n ac\u00fastica en el lugar de trabajo.<\/p>\n<\/li>\n<\/ul>\n<h3><strong>8. Opciones no t\u00f3xicas y conformes con la FDA<\/strong><\/h3>\n<ul>\n<li>\n<p class=\"ds-markdown-paragraph\">Disponibles en versiones aptas para uso alimentario en las industrias alimentaria y farmac\u00e9utica.<\/p>\n<\/li>\n<\/ul>","protected":false},"excerpt":{"rendered":"<p>Las correderas de elevaci\u00f3n de polietileno de peso molecular ultraalto (UHMWPE) son componentes deslizantes de alto rendimiento dise\u00f1ados para proporcionar un movimiento suave y de baja fricci\u00f3n en aplicaciones de elevaci\u00f3n y manipulaci\u00f3n de materiales. Estas correderas se utilizan ampliamente en maquinaria industrial, sistemas de automoci\u00f3n y equipos pesados en los que la durabilidad, la resistencia al desgaste y el funcionamiento sin mantenimiento son fundamentales. Caracter\u00edsticas principales de las correderas de elevaci\u00f3n de UHMWPE 1. Baja fricci\u00f3n Fricci\u00f3n extremadamente baja Autolubricaci\u00f3n [...]<\/p>","protected":false},"featured_media":497,"template":"","meta":[],"product_brand":[],"product_cat":[20],"product_tag":[],"class_list":{"0":"post-494","1":"product","2":"type-product","3":"status-publish","4":"has-post-thumbnail","6":"product_cat-machined-uhmwpe-parts","8":"first","9":"instock","10":"shipping-taxable","11":"product-type-simple"},"aioseo_notices":[],"_links":{"self":[{"href":"https:\/\/www.hbjxplastic.com\/es\/wp-json\/wp\/v2\/product\/494","targetHints":{"allow":["GET"]}}],"collection":[{"href":"https:\/\/www.hbjxplastic.com\/es\/wp-json\/wp\/v2\/product"}],"about":[{"href":"https:\/\/www.hbjxplastic.com\/es\/wp-json\/wp\/v2\/types\/product"}],"wp:featuredmedia":[{"embeddable":true,"href":"https:\/\/www.hbjxplastic.com\/es\/wp-json\/wp\/v2\/media\/497"}],"wp:attachment":[{"href":"https:\/\/www.hbjxplastic.com\/es\/wp-json\/wp\/v2\/media?parent=494"}],"wp:term":[{"taxonomy":"product_brand","embeddable":true,"href":"https:\/\/www.hbjxplastic.com\/es\/wp-json\/wp\/v2\/product_brand?post=494"},{"taxonomy":"product_cat","embeddable":true,"href":"https:\/\/www.hbjxplastic.com\/es\/wp-json\/wp\/v2\/product_cat?post=494"},{"taxonomy":"product_tag","embeddable":true,"href":"https:\/\/www.hbjxplastic.com\/es\/wp-json\/wp\/v2\/product_tag?post=494"}],"curies":[{"name":"wp","href":"https:\/\/api.w.org\/{rel}","templated":true}]}}