{"id":499,"date":"2025-05-30T11:27:35","date_gmt":"2025-05-30T03:27:35","guid":{"rendered":"https:\/\/www.hbjxplastic.com\/?post_type=product&#038;p=499"},"modified":"2025-05-30T11:30:04","modified_gmt":"2025-05-30T03:30:04","slug":"customized-uhmwpe-machined-parts","status":"publish","type":"product","link":"https:\/\/www.hbjxplastic.com\/es\/producto\/customized-uhmwpe-machined-parts\/","title":{"rendered":"Piezas mecanizadas de UHMWPE personalizadas"},"content":{"rendered":"<p class=\"ds-markdown-paragraph\" data-immersive-translate-walked=\"b440abc6-dff2-4cf0-bfc4-60dc47623242\" data-immersive-translate-paragraph=\"1\"><strong data-immersive-translate-walked=\"b440abc6-dff2-4cf0-bfc4-60dc47623242\">Piezas mecanizadas a medida de polietileno de peso molecular ultra alto (UHMWPE)<\/strong>\u00a0son componentes de pol\u00edmero dise\u00f1ados con precisi\u00f3n para satisfacer requisitos industriales espec\u00edficos. Combinando las excepcionales propiedades de los materiales de UHMWPE con avanzadas capacidades de mecanizado, estas piezas ofrecen un rendimiento superior en aplicaciones exigentes de diversos sectores.<\/p>\n<h2 data-immersive-translate-walked=\"b440abc6-dff2-4cf0-bfc4-60dc47623242\"><strong data-immersive-translate-walked=\"b440abc6-dff2-4cf0-bfc4-60dc47623242\" data-immersive-translate-paragraph=\"1\">Principales ventajas de las piezas de UHMWPE a medida<\/strong><\/h2>\n<h3 data-immersive-translate-walked=\"b440abc6-dff2-4cf0-bfc4-60dc47623242\"><strong data-immersive-translate-walked=\"b440abc6-dff2-4cf0-bfc4-60dc47623242\" data-immersive-translate-paragraph=\"1\">1. Superioridad material<\/strong><\/h3>\n<ul data-immersive-translate-walked=\"b440abc6-dff2-4cf0-bfc4-60dc47623242\">\n<li data-immersive-translate-walked=\"b440abc6-dff2-4cf0-bfc4-60dc47623242\">\n<p class=\"ds-markdown-paragraph\" data-immersive-translate-walked=\"b440abc6-dff2-4cf0-bfc4-60dc47623242\" data-immersive-translate-paragraph=\"1\"><strong data-immersive-translate-walked=\"b440abc6-dff2-4cf0-bfc4-60dc47623242\">Resistencia ultra alta al desgaste<\/strong>\u00a0(15 veces m\u00e1s que el acero al carbono)<\/p>\n<\/li>\n<li data-immersive-translate-walked=\"b440abc6-dff2-4cf0-bfc4-60dc47623242\">\n<p class=\"ds-markdown-paragraph\" data-immersive-translate-walked=\"b440abc6-dff2-4cf0-bfc4-60dc47623242\" data-immersive-translate-paragraph=\"1\"><strong data-immersive-translate-walked=\"b440abc6-dff2-4cf0-bfc4-60dc47623242\">Autolubricante<\/strong>\u00a0con un coeficiente de fricci\u00f3n extremadamente bajo (0,10-0,22)<\/p>\n<\/li>\n<li data-immersive-translate-walked=\"b440abc6-dff2-4cf0-bfc4-60dc47623242\">\n<p class=\"ds-markdown-paragraph\" data-immersive-translate-walked=\"b440abc6-dff2-4cf0-bfc4-60dc47623242\" data-immersive-translate-paragraph=\"1\"><strong data-immersive-translate-walked=\"b440abc6-dff2-4cf0-bfc4-60dc47623242\">Resistencia al impacto<\/strong>\u00a0que supera a la mayor\u00eda de los pl\u00e1sticos de ingenier\u00eda<\/p>\n<\/li>\n<li data-immersive-translate-walked=\"b440abc6-dff2-4cf0-bfc4-60dc47623242\">\n<p class=\"ds-markdown-paragraph\" data-immersive-translate-walked=\"b440abc6-dff2-4cf0-bfc4-60dc47623242\" data-immersive-translate-paragraph=\"1\"><strong data-immersive-translate-walked=\"b440abc6-dff2-4cf0-bfc4-60dc47623242\">Resistencia qu\u00edmica<\/strong>\u00a0a \u00e1cidos, \u00e1lcalis y disolventes org\u00e1nicos<\/p>\n<\/li>\n<\/ul>\n<h3 data-immersive-translate-walked=\"b440abc6-dff2-4cf0-bfc4-60dc47623242\"><strong data-immersive-translate-walked=\"b440abc6-dff2-4cf0-bfc4-60dc47623242\" data-immersive-translate-paragraph=\"1\">2. Capacidad de personalizaci\u00f3n<\/strong><\/h3>\n<ul data-immersive-translate-walked=\"b440abc6-dff2-4cf0-bfc4-60dc47623242\">\n<li data-immersive-translate-walked=\"b440abc6-dff2-4cf0-bfc4-60dc47623242\">\n<p class=\"ds-markdown-paragraph\" data-immersive-translate-walked=\"b440abc6-dff2-4cf0-bfc4-60dc47623242\" data-immersive-translate-paragraph=\"1\"><strong data-immersive-translate-walked=\"b440abc6-dff2-4cf0-bfc4-60dc47623242\">Mecanizado de precisi\u00f3n<\/strong>\u00a0con tolerancias de \u00b10,1 mm<\/p>\n<\/li>\n<li data-immersive-translate-walked=\"b440abc6-dff2-4cf0-bfc4-60dc47623242\">\n<p class=\"ds-markdown-paragraph\" data-immersive-translate-walked=\"b440abc6-dff2-4cf0-bfc4-60dc47623242\" data-immersive-translate-paragraph=\"1\"><strong data-immersive-translate-walked=\"b440abc6-dff2-4cf0-bfc4-60dc47623242\">Geometr\u00edas complejas<\/strong>\u00a0incluidos engranajes, bujes, camisas y gu\u00edas<\/p>\n<\/li>\n<li data-immersive-translate-walked=\"b440abc6-dff2-4cf0-bfc4-60dc47623242\">\n<p class=\"ds-markdown-paragraph\" data-immersive-translate-walked=\"b440abc6-dff2-4cf0-bfc4-60dc47623242\" data-immersive-translate-paragraph=\"1\"><strong data-immersive-translate-walked=\"b440abc6-dff2-4cf0-bfc4-60dc47623242\">Tama\u00f1os a medida<\/strong>\u00a0desde componentes en miniatura hasta piezas de gran tama\u00f1o (hasta 2000 mm)<\/p>\n<\/li>\n<li data-immersive-translate-walked=\"b440abc6-dff2-4cf0-bfc4-60dc47623242\">\n<p class=\"ds-markdown-paragraph\" data-immersive-translate-walked=\"b440abc6-dff2-4cf0-bfc4-60dc47623242\" data-immersive-translate-paragraph=\"1\"><strong data-immersive-translate-walked=\"b440abc6-dff2-4cf0-bfc4-60dc47623242\">Opciones de acabado superficial<\/strong>\u00a0de la suavidad est\u00e1ndar a la de calidad m\u00e9dica<\/p>\n<\/li>\n<\/ul>\n<h3 data-immersive-translate-walked=\"b440abc6-dff2-4cf0-bfc4-60dc47623242\"><strong data-immersive-translate-walked=\"b440abc6-dff2-4cf0-bfc4-60dc47623242\" data-immersive-translate-paragraph=\"1\">3. Beneficios de rendimiento<\/strong><\/h3>\n<ul data-immersive-translate-walked=\"b440abc6-dff2-4cf0-bfc4-60dc47623242\">\n<li data-immersive-translate-walked=\"b440abc6-dff2-4cf0-bfc4-60dc47623242\">\n<p class=\"ds-markdown-paragraph\" data-immersive-translate-walked=\"b440abc6-dff2-4cf0-bfc4-60dc47623242\" data-immersive-translate-paragraph=\"1\"><strong data-immersive-translate-walked=\"b440abc6-dff2-4cf0-bfc4-60dc47623242\">50-100% mayor vida \u00fatil<\/strong>\u00a0en comparaci\u00f3n con las piezas de pl\u00e1stico est\u00e1ndar<\/p>\n<\/li>\n<li data-immersive-translate-walked=\"b440abc6-dff2-4cf0-bfc4-60dc47623242\">\n<p class=\"ds-markdown-paragraph\" data-immersive-translate-walked=\"b440abc6-dff2-4cf0-bfc4-60dc47623242\" data-immersive-translate-paragraph=\"1\"><strong data-immersive-translate-walked=\"b440abc6-dff2-4cf0-bfc4-60dc47623242\">Reducci\u00f3n del mantenimiento<\/strong>\u00a0gracias a sus propiedades autolubricantes<\/p>\n<\/li>\n<li data-immersive-translate-walked=\"b440abc6-dff2-4cf0-bfc4-60dc47623242\">\n<p class=\"ds-markdown-paragraph\" data-immersive-translate-walked=\"b440abc6-dff2-4cf0-bfc4-60dc47623242\" data-immersive-translate-paragraph=\"1\"><strong data-immersive-translate-walked=\"b440abc6-dff2-4cf0-bfc4-60dc47623242\">Ahorro de peso<\/strong>\u00a0(hasta 80% m\u00e1s ligeros que los equivalentes met\u00e1licos)<\/p>\n<\/li>\n<li data-immersive-translate-walked=\"b440abc6-dff2-4cf0-bfc4-60dc47623242\">\n<p class=\"ds-markdown-paragraph\" data-immersive-translate-walked=\"b440abc6-dff2-4cf0-bfc4-60dc47623242\" data-immersive-translate-paragraph=\"1\"><strong data-immersive-translate-walked=\"b440abc6-dff2-4cf0-bfc4-60dc47623242\">Amortiguaci\u00f3n de ruidos y vibraciones<\/strong>\u00a0caracter\u00edsticas<\/p>\n<\/li>\n<\/ul>\n<h2 data-immersive-translate-walked=\"b440abc6-dff2-4cf0-bfc4-60dc47623242\"><strong data-immersive-translate-walked=\"b440abc6-dff2-4cf0-bfc4-60dc47623242\" data-immersive-translate-paragraph=\"1\">Aplicaciones comunes<\/strong><\/h2>\n<h3 data-immersive-translate-walked=\"b440abc6-dff2-4cf0-bfc4-60dc47623242\"><strong data-immersive-translate-walked=\"b440abc6-dff2-4cf0-bfc4-60dc47623242\" data-immersive-translate-paragraph=\"1\">Maquinaria industrial<\/strong><\/h3>\n<ul data-immersive-translate-walked=\"b440abc6-dff2-4cf0-bfc4-60dc47623242\">\n<li data-immersive-translate-walked=\"b440abc6-dff2-4cf0-bfc4-60dc47623242\">\n<p class=\"ds-markdown-paragraph\" data-immersive-translate-walked=\"b440abc6-dff2-4cf0-bfc4-60dc47623242\" data-immersive-translate-paragraph=\"1\">Bandas de desgaste y carriles gu\u00eda<\/p>\n<\/li>\n<li data-immersive-translate-walked=\"b440abc6-dff2-4cf0-bfc4-60dc47623242\">\n<p class=\"ds-markdown-paragraph\" data-immersive-translate-walked=\"b440abc6-dff2-4cf0-bfc4-60dc47623242\" data-immersive-translate-paragraph=\"1\">Pi\u00f1ones y engranajes<\/p>\n<\/li>\n<li data-immersive-translate-walked=\"b440abc6-dff2-4cf0-bfc4-60dc47623242\">\n<p class=\"ds-markdown-paragraph\" data-immersive-translate-walked=\"b440abc6-dff2-4cf0-bfc4-60dc47623242\" data-immersive-translate-paragraph=\"1\">Componentes del transportador<\/p>\n<\/li>\n<\/ul>\n<h3 data-immersive-translate-walked=\"b440abc6-dff2-4cf0-bfc4-60dc47623242\"><strong data-immersive-translate-walked=\"b440abc6-dff2-4cf0-bfc4-60dc47623242\" data-immersive-translate-paragraph=\"1\">Manipulaci\u00f3n de materiales<\/strong><\/h3>\n<ul data-immersive-translate-walked=\"b440abc6-dff2-4cf0-bfc4-60dc47623242\">\n<li data-immersive-translate-walked=\"b440abc6-dff2-4cf0-bfc4-60dc47623242\">\n<p class=\"ds-markdown-paragraph\" data-immersive-translate-walked=\"b440abc6-dff2-4cf0-bfc4-60dc47623242\" data-immersive-translate-paragraph=\"1\">Revestimientos de vertederos y tolvas<\/p>\n<\/li>\n<li data-immersive-translate-walked=\"b440abc6-dff2-4cf0-bfc4-60dc47623242\">\n<p class=\"ds-markdown-paragraph\" data-immersive-translate-walked=\"b440abc6-dff2-4cf0-bfc4-60dc47623242\" data-immersive-translate-paragraph=\"1\">Gu\u00edas de cadena y rodillos<\/p>\n<\/li>\n<li data-immersive-translate-walked=\"b440abc6-dff2-4cf0-bfc4-60dc47623242\">\n<p class=\"ds-markdown-paragraph\" data-immersive-translate-walked=\"b440abc6-dff2-4cf0-bfc4-60dc47623242\" data-immersive-translate-paragraph=\"1\">Correderas para palets<\/p>\n<\/li>\n<\/ul>\n<h3 data-immersive-translate-walked=\"b440abc6-dff2-4cf0-bfc4-60dc47623242\"><strong data-immersive-translate-walked=\"b440abc6-dff2-4cf0-bfc4-60dc47623242\" data-immersive-translate-paragraph=\"1\">Procesado de alimentos<\/strong><\/h3>\n<ul data-immersive-translate-walked=\"b440abc6-dff2-4cf0-bfc4-60dc47623242\">\n<li data-immersive-translate-walked=\"b440abc6-dff2-4cf0-bfc4-60dc47623242\">\n<p class=\"ds-markdown-paragraph\" data-immersive-translate-walked=\"b440abc6-dff2-4cf0-bfc4-60dc47623242\" data-immersive-translate-paragraph=\"1\">Tablas de cortar conformes con la FDA<\/p>\n<\/li>\n<li data-immersive-translate-walked=\"b440abc6-dff2-4cf0-bfc4-60dc47623242\">\n<p class=\"ds-markdown-paragraph\" data-immersive-translate-walked=\"b440abc6-dff2-4cf0-bfc4-60dc47623242\" data-immersive-translate-paragraph=\"1\">Bandas de desgaste para cintas transportadoras<\/p>\n<\/li>\n<li data-immersive-translate-walked=\"b440abc6-dff2-4cf0-bfc4-60dc47623242\">\n<p class=\"ds-markdown-paragraph\" data-immersive-translate-walked=\"b440abc6-dff2-4cf0-bfc4-60dc47623242\" data-immersive-translate-paragraph=\"1\">Componentes de m\u00e1quinas sanitarias<\/p>\n<\/li>\n<\/ul>\n<h3 data-immersive-translate-walked=\"b440abc6-dff2-4cf0-bfc4-60dc47623242\"><strong data-immersive-translate-walked=\"b440abc6-dff2-4cf0-bfc4-60dc47623242\" data-immersive-translate-paragraph=\"1\">Marina y alta mar<\/strong><\/h3>\n<ul data-immersive-translate-walked=\"b440abc6-dff2-4cf0-bfc4-60dc47623242\">\n<li data-immersive-translate-walked=\"b440abc6-dff2-4cf0-bfc4-60dc47623242\">\n<p class=\"ds-markdown-paragraph\" data-immersive-translate-walked=\"b440abc6-dff2-4cf0-bfc4-60dc47623242\" data-immersive-translate-paragraph=\"1\">Defensas de muelle<\/p>\n<\/li>\n<li data-immersive-translate-walked=\"b440abc6-dff2-4cf0-bfc4-60dc47623242\">\n<p class=\"ds-markdown-paragraph\" data-immersive-translate-walked=\"b440abc6-dff2-4cf0-bfc4-60dc47623242\" data-immersive-translate-paragraph=\"1\">Superficies de apoyo del buque<\/p>\n<\/li>\n<li data-immersive-translate-walked=\"b440abc6-dff2-4cf0-bfc4-60dc47623242\">\n<p class=\"ds-markdown-paragraph\" data-immersive-translate-walked=\"b440abc6-dff2-4cf0-bfc4-60dc47623242\" data-immersive-translate-paragraph=\"1\">Componentes de flotabilidad<\/p>\n<\/li>\n<\/ul>","protected":false},"excerpt":{"rendered":"<p>Las piezas mecanizadas a medida de polietileno de peso molecular ultra alto (UHMWPE) son componentes polim\u00e9ricos dise\u00f1ados con precisi\u00f3n para satisfacer requisitos industriales espec\u00edficos. Combinando las excepcionales propiedades del material UHMWPE con avanzadas capacidades de mecanizado, estas piezas ofrecen un rendimiento superior en aplicaciones exigentes de diversos sectores. Ventajas clave de las piezas de UHMWPE a medida 1. Superioridad del material Superioridad del material Resistencia al desgaste ultra alta (15 veces m\u00e1s que el acero al carbono) Autolubricaci\u00f3n con [...]<\/p>","protected":false},"featured_media":503,"template":"","meta":[],"product_brand":[],"product_cat":[20],"product_tag":[],"class_list":{"0":"post-499","1":"product","2":"type-product","3":"status-publish","4":"has-post-thumbnail","6":"product_cat-machined-uhmwpe-parts","8":"first","9":"instock","10":"shipping-taxable","11":"product-type-simple"},"aioseo_notices":[],"_links":{"self":[{"href":"https:\/\/www.hbjxplastic.com\/es\/wp-json\/wp\/v2\/product\/499","targetHints":{"allow":["GET"]}}],"collection":[{"href":"https:\/\/www.hbjxplastic.com\/es\/wp-json\/wp\/v2\/product"}],"about":[{"href":"https:\/\/www.hbjxplastic.com\/es\/wp-json\/wp\/v2\/types\/product"}],"wp:featuredmedia":[{"embeddable":true,"href":"https:\/\/www.hbjxplastic.com\/es\/wp-json\/wp\/v2\/media\/503"}],"wp:attachment":[{"href":"https:\/\/www.hbjxplastic.com\/es\/wp-json\/wp\/v2\/media?parent=499"}],"wp:term":[{"taxonomy":"product_brand","embeddable":true,"href":"https:\/\/www.hbjxplastic.com\/es\/wp-json\/wp\/v2\/product_brand?post=499"},{"taxonomy":"product_cat","embeddable":true,"href":"https:\/\/www.hbjxplastic.com\/es\/wp-json\/wp\/v2\/product_cat?post=499"},{"taxonomy":"product_tag","embeddable":true,"href":"https:\/\/www.hbjxplastic.com\/es\/wp-json\/wp\/v2\/product_tag?post=499"}],"curies":[{"name":"wp","href":"https:\/\/api.w.org\/{rel}","templated":true}]}}