{"id":505,"date":"2025-05-30T11:34:01","date_gmt":"2025-05-30T03:34:01","guid":{"rendered":"https:\/\/www.hbjxplastic.com\/?post_type=product&#038;p=505"},"modified":"2025-05-30T11:34:02","modified_gmt":"2025-05-30T03:34:02","slug":"standard-pe-ground-protection-mats","status":"publish","type":"product","link":"https:\/\/www.hbjxplastic.com\/es\/producto\/standard-pe-ground-protection-mats\/","title":{"rendered":"Esteras de protecci\u00f3n de tierra PE est\u00e1ndar"},"content":{"rendered":"<p class=\"ds-markdown-paragraph\">Est\u00e1ndar\u00a0<strong>Esteras de protecci\u00f3n del suelo de PE (polietileno)<\/strong>\u00a0son revestimientos temporales del suelo duraderos, ligeros y ecol\u00f3gicos, dise\u00f1ados para proteger las superficies naturales y artificiales de los da\u00f1os causados por la maquinaria pesada, los veh\u00edculos y el tr\u00e1fico peatonal. Estas alfombras se utilizan ampliamente en la construcci\u00f3n, eventos, paisajismo y obras de servicios p\u00fablicos para proporcionar una superficie estable y antideslizante al tiempo que minimizan el impacto ambiental.<\/p>\n<h2>Caracter\u00edsticas principales<\/h2>\n<ol start=\"1\">\n<li>\n<p class=\"ds-markdown-paragraph\"><strong>Material<\/strong>: Fabricadas con polietileno de alta densidad (HDPE) o polietileno de peso molecular ultraalto (UHMWPE), ofrecen una excelente resistencia y durabilidad.<\/p>\n<\/li>\n<li>\n<p class=\"ds-markdown-paragraph\"><strong>Ligero<\/strong>: F\u00e1cil de transportar e instalar en comparaci\u00f3n con las esteras tradicionales de madera o acero.<\/p>\n<\/li>\n<li>\n<p class=\"ds-markdown-paragraph\"><strong>Superficie antideslizante<\/strong>: El dise\u00f1o texturizado garantiza la tracci\u00f3n para veh\u00edculos y peatones.<\/p>\n<\/li>\n<li>\n<p class=\"ds-markdown-paragraph\"><strong>Resistente a la intemperie<\/strong>: Resiste los rayos UV, la humedad, los productos qu\u00edmicos y las temperaturas extremas.<\/p>\n<\/li>\n<li>\n<p class=\"ds-markdown-paragraph\"><strong>Ecol\u00f3gico<\/strong>: Reciclable y reutilizable, reduce la huella medioambiental.<\/p>\n<\/li>\n<li>\n<p class=\"ds-markdown-paragraph\"><strong>Capacidad de carga<\/strong>: Soporta maquinaria pesada (por ejemplo, gr\u00faas, camiones) sin deformaci\u00f3n del suelo.<\/p>\n<\/li>\n<\/ol>\n<h2>Aplicaciones comunes<\/h2>\n<ul>\n<li>\n<p class=\"ds-markdown-paragraph\"><strong>Obras de construcci\u00f3n<\/strong>: Protege el c\u00e9sped, el suelo y los pavimentos de la formaci\u00f3n de surcos y la compactaci\u00f3n.<\/p>\n<\/li>\n<li>\n<p class=\"ds-markdown-paragraph\"><strong>Eventos al aire libre<\/strong>: Proporciona un suelo estable para escenarios, pasarelas y aparcamientos.<\/p>\n<\/li>\n<li>\n<p class=\"ds-markdown-paragraph\"><strong>Servicios p\u00fablicos e infraestructuras<\/strong>: Utilizado por las industrias de telecomunicaciones, petr\u00f3leo y gas para caminos de acceso temporales.<\/p>\n<\/li>\n<li>\n<p class=\"ds-markdown-paragraph\"><strong>Paisajismo<\/strong>: Preserva el c\u00e9sped durante el movimiento del equipo.<\/p>\n<\/li>\n<\/ul>","protected":false},"excerpt":{"rendered":"<p>Las esteras de protecci\u00f3n del suelo de PE (polietileno) est\u00e1ndar son revestimientos temporales duraderos, ligeros y ecol\u00f3gicos dise\u00f1ados para proteger las superficies naturales y artificiales de los da\u00f1os causados por la maquinaria pesada, los veh\u00edculos y el tr\u00e1fico peatonal. Estas alfombrillas se utilizan ampliamente en la construcci\u00f3n, eventos, paisajismo y obras de servicios p\u00fablicos para proporcionar una superficie estable y antideslizante a la vez que se minimiza el impacto medioambiental. Caracter\u00edsticas principales Material: Fabricado [...]<\/p>","protected":false},"featured_media":508,"template":"","meta":[],"product_brand":[],"product_cat":[27],"product_tag":[],"class_list":{"0":"post-505","1":"product","2":"type-product","3":"status-publish","4":"has-post-thumbnail","6":"product_cat-pe-ground-protection-mats-solutions","8":"first","9":"instock","10":"shipping-taxable","11":"product-type-simple"},"aioseo_notices":[],"_links":{"self":[{"href":"https:\/\/www.hbjxplastic.com\/es\/wp-json\/wp\/v2\/product\/505","targetHints":{"allow":["GET"]}}],"collection":[{"href":"https:\/\/www.hbjxplastic.com\/es\/wp-json\/wp\/v2\/product"}],"about":[{"href":"https:\/\/www.hbjxplastic.com\/es\/wp-json\/wp\/v2\/types\/product"}],"wp:featuredmedia":[{"embeddable":true,"href":"https:\/\/www.hbjxplastic.com\/es\/wp-json\/wp\/v2\/media\/508"}],"wp:attachment":[{"href":"https:\/\/www.hbjxplastic.com\/es\/wp-json\/wp\/v2\/media?parent=505"}],"wp:term":[{"taxonomy":"product_brand","embeddable":true,"href":"https:\/\/www.hbjxplastic.com\/es\/wp-json\/wp\/v2\/product_brand?post=505"},{"taxonomy":"product_cat","embeddable":true,"href":"https:\/\/www.hbjxplastic.com\/es\/wp-json\/wp\/v2\/product_cat?post=505"},{"taxonomy":"product_tag","embeddable":true,"href":"https:\/\/www.hbjxplastic.com\/es\/wp-json\/wp\/v2\/product_tag?post=505"}],"curies":[{"name":"wp","href":"https:\/\/api.w.org\/{rel}","templated":true}]}}