{"id":539,"date":"2025-05-30T14:37:59","date_gmt":"2025-05-30T06:37:59","guid":{"rendered":"https:\/\/www.hbjxplastic.com\/?post_type=product&#038;p=539"},"modified":"2025-05-30T14:43:23","modified_gmt":"2025-05-30T06:43:23","slug":"pe-hollow-round-tubes","status":"publish","type":"product","link":"https:\/\/www.hbjxplastic.com\/es\/producto\/pe-hollow-round-tubes\/","title":{"rendered":"Tubos redondos huecos de PE"},"content":{"rendered":"<div class=\"paragraph\">Los tubos redondos huecos de PE suelen fabricarse con materiales de polietileno de alta densidad (HDPE), como el grado PE100. Estos tubos se fabrican mediante un proceso de extrusi\u00f3n, en el que la materia prima se introduce en una extrusora, se calienta y, a continuaci\u00f3n, se le da forma de tubo hueco a trav\u00e9s de una matriz.<\/div>\n<h4 class=\"\">Propiedades<\/h4>\n<ul>\n<li>\n<div class=\"paragraph\"><strong>Resistencia qu\u00edmica<\/strong>: Los tubos huecos de HDPE presentan una excelente resistencia a una amplia gama de productos qu\u00edmicos, lo que los hace adecuados para aplicaciones con sustancias corrosivas.<\/div>\n<\/li>\n<li>\n<div class=\"paragraph\"><strong>Resistencia mec\u00e1nica<\/strong>: Poseen una elevada resistencia mec\u00e1nica y excelentes propiedades f\u00edsicas, incluidas caracter\u00edsticas antienvejecimiento.<\/div>\n<\/li>\n<li>\n<div class=\"paragraph\"><strong>Durabilidad<\/strong>: Estos tubos son conocidos por su durabilidad y capacidad para soportar condiciones ambientales adversas.<\/div>\n<\/li>\n<\/ul>\n<h4 class=\"\">Aplicaciones<\/h4>\n<div class=\"paragraph\">Los tubos redondos huecos de PE se utilizan ampliamente en diversos sectores por su versatilidad y rendimiento:<\/div>\n<ul>\n<li>\n<div class=\"paragraph\"><strong>Ingenier\u00eda de abastecimiento de agua<\/strong>: Se utiliza para los sistemas de distribuci\u00f3n de agua.<\/div>\n<\/li>\n<li>\n<div class=\"paragraph\"><strong>Industria del gas y el petr\u00f3leo<\/strong>: Adecuado para el transporte de gas y aplicaciones relacionadas.<\/div>\n<\/li>\n<li>\n<div class=\"paragraph\"><strong>Industria qu\u00edmica<\/strong>: Empleados en el procesamiento qu\u00edmico y el transporte.<\/div>\n<\/li>\n<li>\n<div class=\"paragraph\"><strong class=\"\">Industria minera<\/strong>: Se utiliza en aplicaciones mineras, incluido el transporte de lodos.<\/div>\n<\/li>\n<li>\n<div class=\"paragraph\"><strong class=\"\">Dragado<\/strong>: Utilizadas en operaciones de dragado por su durabilidad y resistencia al desgaste.<\/div>\n<\/li>\n<\/ul>","protected":false},"excerpt":{"rendered":"<p>Los tubos redondos huecos de PE suelen fabricarse con materiales de polietileno de alta densidad (HDPE), como el grado PE100. Estos tubos se fabrican mediante un proceso de extrusi\u00f3n, en el que la materia prima se introduce en una extrusora, se calienta y, a continuaci\u00f3n, se le da forma de tubo hueco a trav\u00e9s de una matriz. Propiedades Resistencia qu\u00edmica: Los tubos huecos de HDPE presentan una excelente resistencia a [...]<\/p>","protected":false},"featured_media":538,"template":"","meta":[],"product_brand":[],"product_cat":[24],"product_tag":[],"class_list":{"0":"post-539","1":"product","2":"type-product","3":"status-publish","4":"has-post-thumbnail","6":"product_cat-pe-rod","8":"first","9":"instock","10":"shipping-taxable","11":"product-type-simple"},"aioseo_notices":[],"_links":{"self":[{"href":"https:\/\/www.hbjxplastic.com\/es\/wp-json\/wp\/v2\/product\/539","targetHints":{"allow":["GET"]}}],"collection":[{"href":"https:\/\/www.hbjxplastic.com\/es\/wp-json\/wp\/v2\/product"}],"about":[{"href":"https:\/\/www.hbjxplastic.com\/es\/wp-json\/wp\/v2\/types\/product"}],"wp:featuredmedia":[{"embeddable":true,"href":"https:\/\/www.hbjxplastic.com\/es\/wp-json\/wp\/v2\/media\/538"}],"wp:attachment":[{"href":"https:\/\/www.hbjxplastic.com\/es\/wp-json\/wp\/v2\/media?parent=539"}],"wp:term":[{"taxonomy":"product_brand","embeddable":true,"href":"https:\/\/www.hbjxplastic.com\/es\/wp-json\/wp\/v2\/product_brand?post=539"},{"taxonomy":"product_cat","embeddable":true,"href":"https:\/\/www.hbjxplastic.com\/es\/wp-json\/wp\/v2\/product_cat?post=539"},{"taxonomy":"product_tag","embeddable":true,"href":"https:\/\/www.hbjxplastic.com\/es\/wp-json\/wp\/v2\/product_tag?post=539"}],"curies":[{"name":"wp","href":"https:\/\/api.w.org\/{rel}","templated":true}]}}