{"id":540,"date":"2025-05-30T14:43:57","date_gmt":"2025-05-30T06:43:57","guid":{"rendered":"https:\/\/www.hbjxplastic.com\/?post_type=product&#038;p=540"},"modified":"2025-05-30T14:46:09","modified_gmt":"2025-05-30T06:46:09","slug":"nylon-gears","status":"publish","type":"product","link":"https:\/\/www.hbjxplastic.com\/es\/producto\/nylon-gears\/","title":{"rendered":"Engranajes de nailon"},"content":{"rendered":"<div class=\"paragraph\">Los engranajes de nailon se utilizan ampliamente en diversos sectores debido a su combinaci\u00f3n \u00fanica de propiedades mec\u00e1nicas, durabilidad y rentabilidad. A continuaci\u00f3n le presentamos una completa introducci\u00f3n a los engranajes de nailon, con sus propiedades, aplicaciones y consideraciones clave.<\/div>\n<h4 class=\"\">Propiedades de los engranajes de nailon<\/h4>\n<ol start=\"1\">\n<li>\n<div class=\"paragraph\"><strong>Propiedades mec\u00e1nicas<\/strong><\/div>\n<ul>\n<li>\n<div class=\"paragraph\"><strong>Alta resistencia y durabilidad<\/strong>: Los engranajes de nailon pueden soportar elevadas cargas de par e impacto, lo que los hace adecuados para aplicaciones pesadas. Tambi\u00e9n presentan una buena resistencia a la tracci\u00f3n y flexibilidad.<\/div>\n<\/li>\n<li>\n<div class=\"paragraph\"><strong class=\"\">Baja fricci\u00f3n<\/strong>: El nailon tiene un bajo coeficiente de fricci\u00f3n, lo que reduce el desgaste de los engranajes y permite un funcionamiento suave sin lubricaci\u00f3n adicional.<\/div>\n<\/li>\n<li>\n<div class=\"paragraph\"><strong>Reducci\u00f3n del ruido<\/strong>: Los engranajes de nailon funcionan de forma m\u00e1s silenciosa que los engranajes met\u00e1licos, lo que resulta beneficioso en aplicaciones en las que es necesario minimizar los niveles de ruido.<\/div>\n<\/li>\n<\/ul>\n<\/li>\n<li>\n<div class=\"paragraph\"><strong>Propiedades t\u00e9rmicas<\/strong><\/div>\n<ul>\n<li>\n<div class=\"paragraph\">Los engranajes de nailon pueden funcionar a temperaturas relativamente altas sin sufrir deformaciones importantes. Sin embargo, su resistencia tiende a disminuir con el aumento de la temperatura. Es importante tener en cuenta el intervalo de temperaturas de funcionamiento al seleccionar los engranajes de nailon.<\/div>\n<\/li>\n<\/ul>\n<\/li>\n<li>\n<div class=\"paragraph\"><strong>Resistencia qu\u00edmica<\/strong><\/div>\n<ul>\n<li>\n<div class=\"paragraph\">Los engranajes de nailon ofrecen una excelente resistencia a muchos productos qu\u00edmicos, como aceites, disolventes y algunos \u00e1cidos. Sin embargo, pueden ser susceptibles a la degradaci\u00f3n por \u00e1cidos fuertes como el \u00e1cido n\u00edtrico y el \u00e1cido sulf\u00farico.<\/div>\n<\/li>\n<\/ul>\n<\/li>\n<li>\n<div class=\"paragraph\"><strong>Estabilidad dimensional<\/strong><\/div>\n<ul>\n<li>\n<div class=\"paragraph\">Los engranajes de nailon pueden experimentar cambios dimensionales debido a la absorci\u00f3n de humedad y a la dilataci\u00f3n t\u00e9rmica. Por ejemplo, una cremallera de nailon fabricada con nailon MC puede dilatarse 1,8 mm cuando la temperatura aumenta 20 \u00baC. Esto debe tenerse en cuenta en el dise\u00f1o y la aplicaci\u00f3n.<\/div>\n<\/li>\n<\/ul>\n<\/li>\n<\/ol>\n<h4 class=\"\">Aplicaciones de los engranajes de nailon<\/h4>\n<div class=\"paragraph\">Los engranajes de nailon se utilizan en una amplia gama de industrias y aplicaciones, entre ellas:<\/div>\n<ul>\n<li>\n<div class=\"paragraph\"><strong>Electrodom\u00e9sticos<\/strong>: Las lavadoras, secadoras y aspiradoras suelen utilizar engranajes de nailon para accionar diversos componentes.<\/div>\n<\/li>\n<li>\n<div class=\"paragraph\"><strong>Industria del autom\u00f3vil<\/strong>: Los engranajes de nailon se utilizan en piezas de automoci\u00f3n como elevalunas el\u00e9ctricos, reguladores de asientos y bombas de combustible.<\/div>\n<\/li>\n<li>\n<div class=\"paragraph\"><strong class=\"\">Productos sanitarios<\/strong>: Los engranajes de nailon se emplean en equipos m\u00e9dicos por su ligereza, durabilidad y resistencia qu\u00edmica.<\/div>\n<\/li>\n<li>\n<div class=\"paragraph\"><strong>Material de oficina<\/strong>: Copiadoras, impresoras y otras m\u00e1quinas de oficina se benefician del funcionamiento silencioso y la durabilidad de los engranajes de nailon.<\/div>\n<\/li>\n<li>\n<div class=\"paragraph\"><strong>Maquinaria agr\u00edcola<\/strong>: Los engranajes de nailon se utilizan en tractores, cosechadoras y otra maquinaria agr\u00edcola.<\/div>\n<\/li>\n<\/ul>","protected":false},"excerpt":{"rendered":"<p>Los engranajes de nailon se utilizan ampliamente en diversos sectores debido a su combinaci\u00f3n \u00fanica de propiedades mec\u00e1nicas, durabilidad y rentabilidad. A continuaci\u00f3n se ofrece una completa introducci\u00f3n a los engranajes de nailon, que abarca sus propiedades, aplicaciones y consideraciones clave. Propiedades de los engranajes de nylon Propiedades mec\u00e1nicas Alta resistencia y durabilidad: Los engranajes de nylon pueden soportar altas cargas de par e impacto, lo que los hace adecuados [...]<\/p>","protected":false},"featured_media":541,"template":"","meta":[],"product_brand":[],"product_cat":[28],"product_tag":[],"class_list":{"0":"post-540","1":"product","2":"type-product","3":"status-publish","4":"has-post-thumbnail","6":"product_cat-nylon-parts","8":"first","9":"instock","10":"shipping-taxable","11":"product-type-simple"},"aioseo_notices":[],"_links":{"self":[{"href":"https:\/\/www.hbjxplastic.com\/es\/wp-json\/wp\/v2\/product\/540","targetHints":{"allow":["GET"]}}],"collection":[{"href":"https:\/\/www.hbjxplastic.com\/es\/wp-json\/wp\/v2\/product"}],"about":[{"href":"https:\/\/www.hbjxplastic.com\/es\/wp-json\/wp\/v2\/types\/product"}],"wp:featuredmedia":[{"embeddable":true,"href":"https:\/\/www.hbjxplastic.com\/es\/wp-json\/wp\/v2\/media\/541"}],"wp:attachment":[{"href":"https:\/\/www.hbjxplastic.com\/es\/wp-json\/wp\/v2\/media?parent=540"}],"wp:term":[{"taxonomy":"product_brand","embeddable":true,"href":"https:\/\/www.hbjxplastic.com\/es\/wp-json\/wp\/v2\/product_brand?post=540"},{"taxonomy":"product_cat","embeddable":true,"href":"https:\/\/www.hbjxplastic.com\/es\/wp-json\/wp\/v2\/product_cat?post=540"},{"taxonomy":"product_tag","embeddable":true,"href":"https:\/\/www.hbjxplastic.com\/es\/wp-json\/wp\/v2\/product_tag?post=540"}],"curies":[{"name":"wp","href":"https:\/\/api.w.org\/{rel}","templated":true}]}}