{"id":545,"date":"2025-05-30T14:50:44","date_gmt":"2025-05-30T06:50:44","guid":{"rendered":"https:\/\/www.hbjxplastic.com\/?post_type=product&#038;p=545"},"modified":"2025-05-30T15:03:16","modified_gmt":"2025-05-30T07:03:16","slug":"nylon-bushings","status":"publish","type":"product","link":"https:\/\/www.hbjxplastic.com\/es\/producto\/nylon-bushings\/","title":{"rendered":"Casquillos de nailon"},"content":{"rendered":"<div class=\"paragraph\">Las poleas de nailon son componentes mec\u00e1nicos fabricados con nailon, un pol\u00edmero sint\u00e9tico duradero y vers\u00e1til. Se utilizan ampliamente en diversas aplicaciones gracias a su combinaci\u00f3n \u00fanica de propiedades y rentabilidad.<\/div>\n<h4 class=\"\">Propiedades de las poleas de nailon<\/h4>\n<ol start=\"1\">\n<li>\n<div class=\"paragraph\"><strong>Durabilidad y resistencia<\/strong><\/div>\n<ul>\n<li>\n<div class=\"paragraph\">Las poleas de nailon son conocidas por su alta resistencia a la tracci\u00f3n y su excelente resistencia al desgaste. Soportan grandes esfuerzos mec\u00e1nicos y tienen una vida \u00fatil m\u00e1s larga que las poleas met\u00e1licas.<\/div>\n<\/li>\n<\/ul>\n<\/li>\n<li>\n<div class=\"paragraph\"><strong>Baja fricci\u00f3n y autolubricaci\u00f3n<\/strong><\/div>\n<ul>\n<li>\n<div class=\"paragraph\">El nailon tiene un bajo coeficiente de fricci\u00f3n, lo que reduce el desgaste tanto de la polea como del cable o la correa. Esta propiedad autolubricante hace que las poleas de nailon requieran poco o ning\u00fan mantenimiento.<\/div>\n<\/li>\n<\/ul>\n<\/li>\n<li>\n<div class=\"paragraph\"><strong>Resistencia a la corrosi\u00f3n<\/strong><\/div>\n<ul>\n<li>\n<div class=\"paragraph\">Las poleas de nailon son muy resistentes a la corrosi\u00f3n y no se oxidan. Pueden funcionar en diversas condiciones ambientales, incluidas las de exposici\u00f3n a productos qu\u00edmicos y humedad.<\/div>\n<\/li>\n<\/ul>\n<\/li>\n<li>\n<div class=\"paragraph\"><strong>Ligero<\/strong><\/div>\n<ul>\n<li>\n<div class=\"paragraph\">El nailon es mucho m\u00e1s ligero que metales como el acero y el aluminio. Esto reduce el peso total de la maquinaria y los equipos, lo que se traduce en una menor inercia y una mayor eficiencia energ\u00e9tica.<\/div>\n<\/li>\n<\/ul>\n<\/li>\n<li>\n<div class=\"paragraph\"><strong class=\"\">Reducci\u00f3n del ruido<\/strong><\/div>\n<ul>\n<li>\n<div class=\"paragraph\">Las poleas de nailon funcionan silenciosamente, reduciendo los niveles de ruido en entornos industriales. Esto es especialmente beneficioso en aplicaciones en las que la reducci\u00f3n del ruido es fundamental.<\/div>\n<\/li>\n<\/ul>\n<\/li>\n<li>\n<div class=\"paragraph\"><strong>Propiedades antimagn\u00e9ticas y aislantes<\/strong><\/div>\n<ul>\n<li>\n<div class=\"paragraph\">Las poleas de nailon no son magn\u00e9ticas y no conducen la electricidad. Esto las hace ideales para su uso en entornos electr\u00f3nicos sensibles, como m\u00e1quinas de resonancia magn\u00e9tica o cerca de transportadores magn\u00e9ticos.<\/div>\n<\/li>\n<\/ul>\n<\/li>\n<li>\n<div class=\"paragraph\"><strong>Resistencia qu\u00edmica<\/strong><\/div>\n<ul>\n<li>\n<div class=\"paragraph\">Las poleas de nailon son resistentes a muchos productos qu\u00edmicos, aceites y disolventes, lo que las hace adecuadas para su uso en entornos industriales dif\u00edciles.<\/div>\n<\/li>\n<\/ul>\n<\/li>\n<li>\n<div class=\"paragraph\"><strong>Personalizaci\u00f3n<\/strong><\/div>\n<ul>\n<li>\n<div class=\"paragraph\">Las poleas de nailon pueden personalizarse f\u00e1cilmente en cuanto a tama\u00f1o, forma y color para satisfacer los requisitos espec\u00edficos de cada aplicaci\u00f3n.<\/div>\n<\/li>\n<\/ul>\n<\/li>\n<\/ol>\n<h4 class=\"\">Aplicaciones de las poleas de nailon<\/h4>\n<ol start=\"1\">\n<li>\n<div class=\"paragraph\"><strong>Maquinaria industrial<\/strong><\/div>\n<ul>\n<li>\n<div class=\"paragraph\">Las poleas de nailon se utilizan habitualmente en sistemas transportadores, equipos de elevaci\u00f3n, gr\u00faas y otras aplicaciones de manipulaci\u00f3n de materiales. Su resistencia al desgaste y a la corrosi\u00f3n las hacen ideales para un funcionamiento continuo en entornos exigentes.<\/div>\n<\/li>\n<\/ul>\n<\/li>\n<li>\n<div class=\"paragraph\"><strong>Industria del autom\u00f3vil<\/strong><\/div>\n<ul>\n<li>\n<div class=\"paragraph\">Las poleas de nailon se utilizan en aplicaciones de automoci\u00f3n, como componentes de motores y sistemas de combustible, debido a su ligereza y resistencia a los productos qu\u00edmicos.<\/div>\n<\/li>\n<\/ul>\n<\/li>\n<li>\n<div class=\"paragraph\"><strong>Electricidad y electr\u00f3nica<\/strong><\/div>\n<ul>\n<li>\n<div class=\"paragraph\">En la industria electr\u00f3nica, las poleas de nailon se utilizan en sistemas de gesti\u00f3n de cables y como componentes de equipos el\u00e9ctricos debido a sus propiedades aislantes.<\/div>\n<\/li>\n<\/ul>\n<\/li>\n<li>\n<div class=\"paragraph\"><strong>Productos sanitarios<\/strong><\/div>\n<ul>\n<li>\n<div class=\"paragraph\">Las poleas de nailon se utilizan en equipos m\u00e9dicos que requieren materiales no magn\u00e9ticos y no corrosivos, como las m\u00e1quinas de resonancia magn\u00e9tica.<\/div>\n<\/li>\n<\/ul>\n<\/li>\n<li>\n<div class=\"paragraph\"><strong class=\"\">Maquinaria agr\u00edcola<\/strong><\/div>\n<ul>\n<li>\n<div class=\"paragraph\">Las poleas de nailon se utilizan en maquinaria agr\u00edcola por su durabilidad y resistencia al desgaste.<\/div>\n<\/li>\n<\/ul>\n<\/li>\n<li>\n<div class=\"paragraph\"><strong>Construcci\u00f3n y transporte<\/strong><\/div>\n<ul>\n<li>\n<div class=\"paragraph\">Las poleas de nailon se utilizan en equipos de elevaci\u00f3n y gr\u00faas de los sectores de la construcci\u00f3n y la navegaci\u00f3n.<\/div>\n<\/li>\n<\/ul>\n<\/li>\n<\/ol>","protected":false},"excerpt":{"rendered":"<p>Las poleas de nailon son componentes mec\u00e1nicos fabricados con nailon, un pol\u00edmero sint\u00e9tico duradero y vers\u00e1til. Se utilizan ampliamente en diversas aplicaciones debido a su combinaci\u00f3n \u00fanica de propiedades y rentabilidad. Propiedades de las poleas de nylon Durabilidad y resistencia Las poleas de nylon son conocidas por su alta resistencia a la tracci\u00f3n y su excelente resistencia al desgaste. Pueden [...]<\/p>","protected":false},"featured_media":550,"template":"","meta":[],"product_brand":[],"product_cat":[28],"product_tag":[],"class_list":{"0":"post-545","1":"product","2":"type-product","3":"status-publish","4":"has-post-thumbnail","6":"product_cat-nylon-parts","8":"first","9":"instock","10":"shipping-taxable","11":"product-type-simple"},"aioseo_notices":[],"_links":{"self":[{"href":"https:\/\/www.hbjxplastic.com\/es\/wp-json\/wp\/v2\/product\/545","targetHints":{"allow":["GET"]}}],"collection":[{"href":"https:\/\/www.hbjxplastic.com\/es\/wp-json\/wp\/v2\/product"}],"about":[{"href":"https:\/\/www.hbjxplastic.com\/es\/wp-json\/wp\/v2\/types\/product"}],"wp:featuredmedia":[{"embeddable":true,"href":"https:\/\/www.hbjxplastic.com\/es\/wp-json\/wp\/v2\/media\/550"}],"wp:attachment":[{"href":"https:\/\/www.hbjxplastic.com\/es\/wp-json\/wp\/v2\/media?parent=545"}],"wp:term":[{"taxonomy":"product_brand","embeddable":true,"href":"https:\/\/www.hbjxplastic.com\/es\/wp-json\/wp\/v2\/product_brand?post=545"},{"taxonomy":"product_cat","embeddable":true,"href":"https:\/\/www.hbjxplastic.com\/es\/wp-json\/wp\/v2\/product_cat?post=545"},{"taxonomy":"product_tag","embeddable":true,"href":"https:\/\/www.hbjxplastic.com\/es\/wp-json\/wp\/v2\/product_tag?post=545"}],"curies":[{"name":"wp","href":"https:\/\/api.w.org\/{rel}","templated":true}]}}